{"id":98,"date":"2025-08-26T15:24:09","date_gmt":"2025-08-26T15:24:09","guid":{"rendered":"http:\/\/www.olma-club.com\/?page_id=98"},"modified":"2025-09-23T18:15:42","modified_gmt":"2025-09-23T18:15:42","slug":"accueil","status":"publish","type":"page","link":"https:\/\/www.olma-club.com\/","title":{"rendered":"ACCUEIL"},"content":{"rendered":"\t\t<div data-elementor-type=\"wp-page\" data-elementor-id=\"98\" class=\"elementor elementor-98\">\n\t\t\t\t<div class=\"elementor-element elementor-element-0c57c77 e-con-full e-flex e-con e-parent\" data-id=\"0c57c77\" data-element_type=\"container\" data-settings=\"{&quot;background_background&quot;:&quot;video&quot;,&quot;background_video_link&quot;:&quot;http:\\\/\\\/www.olma-club.com\\\/wp-content\\\/uploads\\\/2025\\\/08\\\/08221-1.mp4&quot;,&quot;background_play_on_mobile&quot;:&quot;yes&quot;}\">\n\t\t<div class=\"elementor-background-video-container\" aria-hidden=\"true\">\n\t\t\t\t\t\t\t<video class=\"elementor-background-video-hosted\" autoplay muted playsinline loop><\/video>\n\t\t\t\t\t<\/div>\t\t<div class=\"elementor-element elementor-element-3561089 elementor-widget elementor-widget-heading\" data-id=\"3561089\" data-element_type=\"widget\" data-widget_type=\"heading.default\">\n\t\t\t\t\t<h2 class=\"elementor-heading-title elementor-size-default\">OLMA Club\n\nla nouvelle exp\u00e9rience House music<\/h2>\t\t\t\t<\/div>\n\t\t\t\t<div class=\"elementor-element elementor-element-84ec070 elementor-align-justify elementor-mobile-align-center elementor-widget elementor-widget-button\" data-id=\"84ec070\" data-element_type=\"widget\" data-widget_type=\"button.default\">\n\t\t\t\t\t\t\t\t\t\t<a class=\"elementor-button elementor-button-link elementor-size-sm\" href=\"https:\/\/shotgun.live\/fr\/venues\/olma-club\">\n\t\t\t\t\t\t<span class=\"elementor-button-content-wrapper\">\n\t\t\t\t\t\t\t\t\t<span class=\"elementor-button-text\">R\u00e9serve ta place<\/span>\n\t\t\t\t\t<\/span>\n\t\t\t\t\t<\/a>\n\t\t\t\t\t\t\t\t<\/div>\n\t\t\t\t<\/div>\n\t\t<div class=\"elementor-element elementor-element-98c4cc6 e-con-full e-flex e-con e-parent\" data-id=\"98c4cc6\" data-element_type=\"container\" data-settings=\"{&quot;background_background&quot;:&quot;classic&quot;}\">\n\t\t\t\t<div class=\"elementor-element elementor-element-dce4267 elementor-widget elementor-widget-text-editor\" data-id=\"dce4267\" data-element_type=\"widget\" data-widget_type=\"text-editor.default\">\n\t\t\t\t\t\t\t\t\t<p><span style=\"font-style: inherit; font-weight: inherit; letter-spacing: 2.1px;\">Only Love and Music Around<\/span><\/p>\t\t\t\t\t\t\t\t<\/div>\n\t\t\t\t<\/div>\n\t\t<div class=\"elementor-element elementor-element-8ecbef9 e-flex e-con-boxed e-con e-parent\" data-id=\"8ecbef9\" data-element_type=\"container\">\n\t\t\t\t\t<div class=\"e-con-inner\">\n\t\t<div class=\"elementor-element elementor-element-9e03510 e-con-full e-flex e-con e-child\" data-id=\"9e03510\" data-element_type=\"container\">\n\t\t\t\t<div class=\"elementor-element elementor-element-f613ef9 elementor-widget__width-initial elementor-widget elementor-widget-image\" data-id=\"f613ef9\" data-element_type=\"widget\" data-widget_type=\"image.default\">\n\t\t\t\t\t\t\t\t\t\t\t\t\t\t\t<img fetchpriority=\"high\" decoding=\"async\" width=\"1024\" height=\"768\" src=\"https:\/\/www.olma-club.com\/wp-content\/uploads\/2025\/08\/TERMINAL-21-JUIN-16-1024x768.jpg\" class=\"attachment-large size-large wp-image-396\" alt=\"\" srcset=\"https:\/\/www.olma-club.com\/wp-content\/uploads\/2025\/08\/TERMINAL-21-JUIN-16-1024x768.jpg 1024w, https:\/\/www.olma-club.com\/wp-content\/uploads\/2025\/08\/TERMINAL-21-JUIN-16-300x225.jpg 300w, https:\/\/www.olma-club.com\/wp-content\/uploads\/2025\/08\/TERMINAL-21-JUIN-16-768x576.jpg 768w, https:\/\/www.olma-club.com\/wp-content\/uploads\/2025\/08\/TERMINAL-21-JUIN-16-1536x1152.jpg 1536w, https:\/\/www.olma-club.com\/wp-content\/uploads\/2025\/08\/TERMINAL-21-JUIN-16-2048x1536.jpg 2048w\" sizes=\"(max-width: 1024px) 100vw, 1024px\" \/>\t\t\t\t\t\t\t\t\t\t\t\t\t\t\t<\/div>\n\t\t\t\t<\/div>\n\t\t<div class=\"elementor-element elementor-element-7d4da2d e-con-full e-flex e-con e-child\" data-id=\"7d4da2d\" data-element_type=\"container\">\n\t\t<div class=\"elementor-element elementor-element-04cd3fc e-con-full e-flex e-con e-child\" data-id=\"04cd3fc\" data-element_type=\"container\">\n\t\t\t\t<div class=\"elementor-element elementor-element-0f11fe5 elementor-widget elementor-widget-heading\" data-id=\"0f11fe5\" data-element_type=\"widget\" data-widget_type=\"heading.default\">\n\t\t\t\t\t<h2 class=\"elementor-heading-title elementor-size-default\">QU'EST-CE QUE C'EST OLMA ?<\/h2>\t\t\t\t<\/div>\n\t\t\t\t<\/div>\n\t\t<div class=\"elementor-element elementor-element-160a1ad e-con-full e-flex e-con e-child\" data-id=\"160a1ad\" data-element_type=\"container\">\n\t\t\t\t<div class=\"elementor-element elementor-element-98f7aef elementor-widget__width-initial elementor-widget elementor-widget-text-editor\" data-id=\"98f7aef\" data-element_type=\"widget\" data-widget_type=\"text-editor.default\">\n\t\t\t\t\t\t\t\t\t<p>OLMA est un nouveau club lyonnais pens\u00e9 comme un lieu incontournable pour les passionn\u00e9s de house et de nuits intenses. Plus qu\u2019un espace, c\u2019est une exp\u00e9rience : 150 m\u00b2 d\u00e9di\u00e9s \u00e0 la musique et \u00e0 l\u2019\u00e9nergie du dancefloor, o\u00f9 chaque d\u00e9tail \u2013 du son \u00e0 l\u2019ambiance \u2013 est con\u00e7u pour faire vibrer la nuit.<\/p><p>\u00a0OLMA rassemble les esprits libres autour de la musique \u00e9lectronique, dans un cadre vivant, vibrant et ouvert \u00e0 tous ceux qui veulent profiter pleinement de la f\u00eate.<\/p>\t\t\t\t\t\t\t\t<\/div>\n\t\t\t\t<\/div>\n\t\t\t\t<\/div>\n\t\t\t\t\t<\/div>\n\t\t\t\t<\/div>\n\t\t<div class=\"elementor-element elementor-element-ed2db93 e-flex e-con-boxed e-con e-parent\" data-id=\"ed2db93\" data-element_type=\"container\">\n\t\t\t\t\t<div class=\"e-con-inner\">\n\t\t<div class=\"elementor-element elementor-element-8319856 e-con-full e-flex e-con e-child\" data-id=\"8319856\" data-element_type=\"container\">\n\t\t\t\t<div class=\"elementor-element elementor-element-20790d6 elementor-widget__width-initial elementor-widget elementor-widget-image\" data-id=\"20790d6\" data-element_type=\"widget\" data-widget_type=\"image.default\">\n\t\t\t\t\t\t\t\t\t\t\t\t\t\t\t<img decoding=\"async\" width=\"1024\" height=\"768\" src=\"https:\/\/www.olma-club.com\/wp-content\/uploads\/2025\/08\/C-Luciani-TERMINAL-36-1024x768.jpg\" class=\"attachment-large size-large wp-image-397\" alt=\"\" srcset=\"https:\/\/www.olma-club.com\/wp-content\/uploads\/2025\/08\/C-Luciani-TERMINAL-36-1024x768.jpg 1024w, https:\/\/www.olma-club.com\/wp-content\/uploads\/2025\/08\/C-Luciani-TERMINAL-36-300x225.jpg 300w, https:\/\/www.olma-club.com\/wp-content\/uploads\/2025\/08\/C-Luciani-TERMINAL-36-768x576.jpg 768w, https:\/\/www.olma-club.com\/wp-content\/uploads\/2025\/08\/C-Luciani-TERMINAL-36-1536x1152.jpg 1536w, https:\/\/www.olma-club.com\/wp-content\/uploads\/2025\/08\/C-Luciani-TERMINAL-36-2048x1536.jpg 2048w\" sizes=\"(max-width: 1024px) 100vw, 1024px\" \/>\t\t\t\t\t\t\t\t\t\t\t\t\t\t\t<\/div>\n\t\t\t\t<\/div>\n\t\t<div class=\"elementor-element elementor-element-8ddbfbe e-con-full e-flex e-con e-child\" data-id=\"8ddbfbe\" data-element_type=\"container\">\n\t\t<div class=\"elementor-element elementor-element-3d8bc1b e-con-full e-flex e-con e-child\" data-id=\"3d8bc1b\" data-element_type=\"container\">\n\t\t\t\t<div class=\"elementor-element elementor-element-b28e6e8 elementor-widget elementor-widget-heading\" data-id=\"b28e6e8\" data-element_type=\"widget\" data-widget_type=\"heading.default\">\n\t\t\t\t\t<h2 class=\"elementor-heading-title elementor-size-default\">LES VALEURS OLMA<\/h2>\t\t\t\t<\/div>\n\t\t\t\t<\/div>\n\t\t<div class=\"elementor-element elementor-element-0b03c77 e-con-full e-flex e-con e-child\" data-id=\"0b03c77\" data-element_type=\"container\">\n\t\t\t\t<div class=\"elementor-element elementor-element-9a51cfe elementor-widget__width-initial elementor-widget elementor-widget-text-editor\" data-id=\"9a51cfe\" data-element_type=\"widget\" data-widget_type=\"text-editor.default\">\n\t\t\t\t\t\t\t\t\t<p>OLMA est n\u00e9 avec l\u2019envie de cr\u00e9er plus qu\u2019un club : un v\u00e9ritable lieu de rencontre o\u00f9 chacun se sent libre d\u2019exprimer son \u00e9nergie et sa personnalit\u00e9.<br>Nos valeurs reposent sur trois piliers essentiels :<br>&nbsp;&nbsp;&nbsp;&nbsp;\u2022&nbsp;&nbsp;&nbsp;&nbsp;L&#8217;Ouverture : au c\u0153ur d\u2019OLMA, elle rassemble, inspire et fait vibrer. Chaque soir\u00e9e est pens\u00e9e pour mettre en avant des artistes passionn\u00e9s, locaux et internationaux autour d&#8217;une house f\u00e9d\u00e9ratrice.<br>&nbsp;&nbsp;&nbsp;&nbsp;\u2022&nbsp;&nbsp;&nbsp;&nbsp;L&#8217;Authenticit\u00e9 : OLMA cultive une identit\u00e9 unique, m\u00ealant innovations visuelles, sonores et sc\u00e9nographiques pour proposer \u00e0 chaque fois une exp\u00e9rience originale qui incarne une passion commune pour l&#8217;univers house.<br>&nbsp;&nbsp;&nbsp;&nbsp;\u2022&nbsp;&nbsp;&nbsp;&nbsp;Le Mouvement : au-del\u00e0 de la f\u00eate, OLMA valorise le partage. La force du lieu, ce sont les gens qui s\u2019y croisent, dans une atmosph\u00e8re chaleureuse et authentique.<\/p>\n<p>OLMA d\u00e9fend une vision de la nuit o\u00f9 le plaisir, le respect et l\u2019intensit\u00e9 se conjuguent pour offrir des moments qui restent en m\u00e9moire.<\/p>\t\t\t\t\t\t\t\t<\/div>\n\t\t\t\t<\/div>\n\t\t\t\t<\/div>\n\t\t\t\t\t<\/div>\n\t\t\t\t<\/div>\n\t\t<div class=\"elementor-element elementor-element-fcc7f81 e-con-full e-flex e-con e-parent\" data-id=\"fcc7f81\" data-element_type=\"container\">\n\t\t<div class=\"elementor-element elementor-element-d568cea e-con-full e-flex e-con e-child\" data-id=\"d568cea\" data-element_type=\"container\">\n\t\t<div class=\"elementor-element elementor-element-8021725 e-con-full e-flex e-con e-child\" data-id=\"8021725\" data-element_type=\"container\">\n\t\t\t\t<div class=\"elementor-element elementor-element-ab9e3dd elementor-widget elementor-widget-heading\" data-id=\"ab9e3dd\" data-element_type=\"widget\" data-widget_type=\"heading.default\">\n\t\t\t\t\t<h2 class=\"elementor-heading-title elementor-size-default\">O\u00d9 NOUS TROUVER ?<\/h2>\t\t\t\t<\/div>\n\t\t\t\t<\/div>\n\t\t<div class=\"elementor-element elementor-element-b30739c e-con-full e-flex e-con e-child\" data-id=\"b30739c\" data-element_type=\"container\">\n\t\t\t\t<div class=\"elementor-element elementor-element-6f41fe2 elementor-widget__width-initial elementor-widget elementor-widget-text-editor\" data-id=\"6f41fe2\" data-element_type=\"widget\" data-widget_type=\"text-editor.default\">\n\t\t\t\t\t\t\t\t\t<p>OLMA Club \u2013 3 rue Terme, 69001 Lyon<br \/>Le nouveau rendez-vous incontournable des nuits lyonnaises. Situ\u00e9 en plein c\u0153ur des pentes de la Croix-Rousse, \u00e0 deux pas de l\u2019H\u00f4tel de Ville, OLMA Club est facile \u00e0 trouver et impossible \u00e0 oublier.<\/p><p>M\u00e9tro H\u00f4tel de Ville \u2013 Louis Pradel (lignes A et C) \u00e0 seulement trois minutes \u00e0 pied.<br \/>Parkings publics disponibles \u00e0 proximit\u00e9 pour ceux qui pr\u00e9f\u00e8rent venir en voiture.<br \/>L\u2019\u00e9nergie des pentes, l\u2019\u00e9l\u00e9gance de la house et une ambiance unique vous attendent derri\u00e8re nos portes.<\/p>\t\t\t\t\t\t\t\t<\/div>\n\t\t\t\t<\/div>\n\t\t\t\t<\/div>\n\t\t<div class=\"elementor-element elementor-element-7c06536 e-con-full e-flex e-con e-child\" data-id=\"7c06536\" data-element_type=\"container\">\n\t\t\t\t<div class=\"elementor-element elementor-element-d7da7b6 elementor-widget__width-auto elementor-widget-tablet__width-inherit elementor-widget elementor-widget-google_maps\" data-id=\"d7da7b6\" data-element_type=\"widget\" data-widget_type=\"google_maps.default\">\n\t\t\t\t\t\t\t<div class=\"elementor-custom-embed\">\n\t\t\t<iframe loading=\"lazy\"\n\t\t\t\t\tsrc=\"https:\/\/maps.google.com\/maps?q=3%20RUE%20TERME%2C%2069001%20LYON&#038;t=m&#038;z=12&#038;output=embed&#038;iwloc=near\"\n\t\t\t\t\ttitle=\"3 RUE TERME, 69001 LYON\"\n\t\t\t\t\taria-label=\"3 RUE TERME, 69001 LYON\"\n\t\t\t><\/iframe>\n\t\t<\/div>\n\t\t\t\t\t\t<\/div>\n\t\t\t\t<\/div>\n\t\t\t\t<\/div>\n\t\t\t\t<\/div>\n\t\t","protected":false},"excerpt":{"rendered":"<p>OLMA Club la nouvelle exp\u00e9rience House music R\u00e9serve ta place Only Love and Music Around QU&#8217;EST-CE QUE C&#8217;EST OLMA ? [&hellip;]<\/p>\n","protected":false},"author":1,"featured_media":0,"parent":0,"menu_order":0,"comment_status":"closed","ping_status":"closed","template":"","meta":{"site-sidebar-layout":"no-sidebar","site-content-layout":"","ast-site-content-layout":"full-width-container","site-content-style":"unboxed","site-sidebar-style":"unboxed","ast-global-header-display":"","ast-banner-title-visibility":"","ast-main-header-display":"","ast-hfb-above-header-display":"","ast-hfb-below-header-display":"","ast-hfb-mobile-header-display":"","site-post-title":"disabled","ast-breadcrumbs-content":"","ast-featured-img":"","footer-sml-layout":"","theme-transparent-header-meta":"","adv-header-id-meta":"","stick-header-meta":"","header-above-stick-meta":"","header-main-stick-meta":"","header-below-stick-meta":"","astra-migrate-meta-layouts":"default","ast-page-background-enabled":"default","ast-page-background-meta":{"desktop":{"background-color":"var(--ast-global-color-5)","background-image":"","background-repeat":"repeat","background-position":"center center","background-size":"auto","background-attachment":"scroll","background-type":"","background-media":"","overlay-type":"","overlay-color":"","overlay-opacity":"","overlay-gradient":""},"tablet":{"background-color":"","background-image":"","background-repeat":"repeat","background-position":"center center","background-size":"auto","background-attachment":"scroll","background-type":"","background-media":"","overlay-type":"","overlay-color":"","overlay-opacity":"","overlay-gradient":""},"mobile":{"background-color":"","background-image":"","background-repeat":"repeat","background-position":"center center","background-size":"auto","background-attachment":"scroll","background-type":"","background-media":"","overlay-type":"","overlay-color":"","overlay-opacity":"","overlay-gradient":""}},"ast-content-background-meta":{"desktop":{"background-color":"var(--ast-global-color-4)","background-image":"","background-repeat":"repeat","background-position":"center center","background-size":"auto","background-attachment":"scroll","background-type":"","background-media":"","overlay-type":"","overlay-color":"","overlay-opacity":"","overlay-gradient":""},"tablet":{"background-color":"var(--ast-global-color-4)","background-image":"","background-repeat":"repeat","background-position":"center center","background-size":"auto","background-attachment":"scroll","background-type":"","background-media":"","overlay-type":"","overlay-color":"","overlay-opacity":"","overlay-gradient":""},"mobile":{"background-color":"var(--ast-global-color-4)","background-image":"","background-repeat":"repeat","background-position":"center center","background-size":"auto","background-attachment":"scroll","background-type":"","background-media":"","overlay-type":"","overlay-color":"","overlay-opacity":"","overlay-gradient":""}},"footnotes":""},"class_list":["post-98","page","type-page","status-publish","hentry"],"_links":{"self":[{"href":"https:\/\/www.olma-club.com\/index.php\/wp-json\/wp\/v2\/pages\/98","targetHints":{"allow":["GET"]}}],"collection":[{"href":"https:\/\/www.olma-club.com\/index.php\/wp-json\/wp\/v2\/pages"}],"about":[{"href":"https:\/\/www.olma-club.com\/index.php\/wp-json\/wp\/v2\/types\/page"}],"author":[{"embeddable":true,"href":"https:\/\/www.olma-club.com\/index.php\/wp-json\/wp\/v2\/users\/1"}],"replies":[{"embeddable":true,"href":"https:\/\/www.olma-club.com\/index.php\/wp-json\/wp\/v2\/comments?post=98"}],"version-history":[{"count":369,"href":"https:\/\/www.olma-club.com\/index.php\/wp-json\/wp\/v2\/pages\/98\/revisions"}],"predecessor-version":[{"id":1381,"href":"https:\/\/www.olma-club.com\/index.php\/wp-json\/wp\/v2\/pages\/98\/revisions\/1381"}],"wp:attachment":[{"href":"https:\/\/www.olma-club.com\/index.php\/wp-json\/wp\/v2\/media?parent=98"}],"curies":[{"name":"wp","href":"https:\/\/api.w.org\/{rel}","templated":true}]}}