{"id":454,"date":"2025-08-29T13:04:46","date_gmt":"2025-08-29T13:04:46","guid":{"rendered":"https:\/\/www.olma-club.com\/?page_id=454"},"modified":"2025-09-02T09:44:09","modified_gmt":"2025-09-02T09:44:09","slug":"tess-camus","status":"publish","type":"page","link":"https:\/\/www.olma-club.com\/index.php\/tess-camus\/","title":{"rendered":"TESS CAMUS"},"content":{"rendered":"\t\t<div data-elementor-type=\"wp-page\" data-elementor-id=\"454\" class=\"elementor elementor-454\">\n\t\t\t\t<div class=\"elementor-element elementor-element-2075ecc e-flex e-con-boxed e-con e-parent\" data-id=\"2075ecc\" data-element_type=\"container\">\n\t\t\t\t\t<div class=\"e-con-inner\">\n\t\t<div class=\"elementor-element elementor-element-9e0adaf e-con-full e-flex e-con e-child\" data-id=\"9e0adaf\" data-element_type=\"container\">\n\t\t\t\t<div class=\"elementor-element elementor-element-74e50c8 elementor-widget elementor-widget-image\" data-id=\"74e50c8\" data-element_type=\"widget\" data-widget_type=\"image.default\">\n\t\t\t\t\t\t\t\t\t\t\t\t\t\t\t<img fetchpriority=\"high\" decoding=\"async\" width=\"795\" height=\"1024\" src=\"https:\/\/www.olma-club.com\/wp-content\/uploads\/2025\/09\/Design-sans-titre-47-795x1024.png\" class=\"attachment-large size-large wp-image-919\" alt=\"\" srcset=\"https:\/\/www.olma-club.com\/wp-content\/uploads\/2025\/09\/Design-sans-titre-47-795x1024.png 795w, https:\/\/www.olma-club.com\/wp-content\/uploads\/2025\/09\/Design-sans-titre-47-233x300.png 233w, https:\/\/www.olma-club.com\/wp-content\/uploads\/2025\/09\/Design-sans-titre-47-768x989.png 768w, https:\/\/www.olma-club.com\/wp-content\/uploads\/2025\/09\/Design-sans-titre-47.png 1168w\" sizes=\"(max-width: 795px) 100vw, 795px\" \/>\t\t\t\t\t\t\t\t\t\t\t\t\t\t\t<\/div>\n\t\t\t\t<\/div>\n\t\t<div class=\"elementor-element elementor-element-58be7dc e-con-full e-flex e-con e-child\" data-id=\"58be7dc\" data-element_type=\"container\">\n\t\t<div class=\"elementor-element elementor-element-5195232 e-con-full e-flex e-con e-child\" data-id=\"5195232\" data-element_type=\"container\">\n\t\t\t\t<div class=\"elementor-element elementor-element-a22d588 elementor-widget elementor-widget-heading\" data-id=\"a22d588\" data-element_type=\"widget\" data-widget_type=\"heading.default\">\n\t\t\t\t\t<h2 class=\"elementor-heading-title elementor-size-default\">TESS KAMU<\/h2>\t\t\t\t<\/div>\n\t\t\t\t<\/div>\n\t\t<div class=\"elementor-element elementor-element-90e1953 e-con-full e-flex e-con e-child\" data-id=\"90e1953\" data-element_type=\"container\">\n\t\t\t\t<div class=\"elementor-element elementor-element-82fb88a elementor-widget elementor-widget-text-editor\" data-id=\"82fb88a\" data-element_type=\"widget\" data-widget_type=\"text-editor.default\">\n\t\t\t\t\t\t\t\t\t<p>Tess Kamu est une DJ passionn\u00e9e de tech house, un style qu\u2019elle ma\u00eetrise avec \u00e9nergie et subtilit\u00e9. Ses sets se distinguent par des grooves entra\u00eenants, des basses puissantes et une s\u00e9lection pointue qui garde le dancefloor en tension permanente.<\/p><p>Anim\u00e9e par une envie de partager une musique vivante et f\u00e9d\u00e9ratrice, Tess Kamu cr\u00e9e des performances o\u00f9 la pr\u00e9cision technique rencontre une \u00e9nergie brute. Elle sait capter l\u2019attention du public d\u00e8s les premi\u00e8res mesures et installer une ambiance \u00e9lectrisante, propice \u00e0 la danse et \u00e0 l\u2019\u00e9vasion.<\/p><p>Avec son univers r\u00e9solument moderne et percutant, Tess Kamu incarne une g\u00e9n\u00e9ration d\u2019artistes qui repoussent les fronti\u00e8res de la sc\u00e8ne \u00e9lectronique tout en restant proches de leur public<\/p>\t\t\t\t\t\t\t\t<\/div>\n\t\t\t\t<\/div>\n\t\t\t\t<\/div>\n\t\t\t\t\t<\/div>\n\t\t\t\t<\/div>\n\t\t<div class=\"elementor-element elementor-element-9580d40 e-flex e-con-boxed e-con e-parent\" data-id=\"9580d40\" data-element_type=\"container\">\n\t\t\t\t\t<div class=\"e-con-inner\">\n\t\t<div class=\"elementor-element elementor-element-1778ecf e-con-full e-flex e-con e-child\" data-id=\"1778ecf\" data-element_type=\"container\">\n\t\t\t\t<\/div>\n\t\t<div class=\"elementor-element elementor-element-35674d6 e-con-full e-flex e-con e-child\" data-id=\"35674d6\" data-element_type=\"container\">\n\t\t<div class=\"elementor-element elementor-element-4c870ad e-con-full e-flex e-con e-child\" data-id=\"4c870ad\" data-element_type=\"container\">\n\t\t\t\t<div class=\"elementor-element elementor-element-985391b elementor-shape-circle elementor-grid-0 e-grid-align-center elementor-widget elementor-widget-social-icons\" data-id=\"985391b\" data-element_type=\"widget\" data-widget_type=\"social-icons.default\">\n\t\t\t\t\t\t\t<div class=\"elementor-social-icons-wrapper elementor-grid\" role=\"list\">\n\t\t\t\t\t\t\t<span class=\"elementor-grid-item\" role=\"listitem\">\n\t\t\t\t\t<a class=\"elementor-icon elementor-social-icon elementor-social-icon-instagram elementor-repeater-item-5132ab8\" href=\"https:\/\/www.instagram.com\/tesskamudj\/\" target=\"_blank\">\n\t\t\t\t\t\t<span class=\"elementor-screen-only\">Instagram<\/span>\n\t\t\t\t\t\t<svg class=\"e-font-icon-svg e-fab-instagram\" viewBox=\"0 0 448 512\" xmlns=\"http:\/\/www.w3.org\/2000\/svg\"><path d=\"M224.1 141c-63.6 0-114.9 51.3-114.9 114.9s51.3 114.9 114.9 114.9S339 319.5 339 255.9 287.7 141 224.1 141zm0 189.6c-41.1 0-74.7-33.5-74.7-74.7s33.5-74.7 74.7-74.7 74.7 33.5 74.7 74.7-33.6 74.7-74.7 74.7zm146.4-194.3c0 14.9-12 26.8-26.8 26.8-14.9 0-26.8-12-26.8-26.8s12-26.8 26.8-26.8 26.8 12 26.8 26.8zm76.1 27.2c-1.7-35.9-9.9-67.7-36.2-93.9-26.2-26.2-58-34.4-93.9-36.2-37-2.1-147.9-2.1-184.9 0-35.8 1.7-67.6 9.9-93.9 36.1s-34.4 58-36.2 93.9c-2.1 37-2.1 147.9 0 184.9 1.7 35.9 9.9 67.7 36.2 93.9s58 34.4 93.9 36.2c37 2.1 147.9 2.1 184.9 0 35.9-1.7 67.7-9.9 93.9-36.2 26.2-26.2 34.4-58 36.2-93.9 2.1-37 2.1-147.8 0-184.8zM398.8 388c-7.8 19.6-22.9 34.7-42.6 42.6-29.5 11.7-99.5 9-132.1 9s-102.7 2.6-132.1-9c-19.6-7.8-34.7-22.9-42.6-42.6-11.7-29.5-9-99.5-9-132.1s-2.6-102.7 9-132.1c7.8-19.6 22.9-34.7 42.6-42.6 29.5-11.7 99.5-9 132.1-9s102.7-2.6 132.1 9c19.6 7.8 34.7 22.9 42.6 42.6 11.7 29.5 9 99.5 9 132.1s2.7 102.7-9 132.1z\"><\/path><\/svg>\t\t\t\t\t<\/a>\n\t\t\t\t<\/span>\n\t\t\t\t\t\t\t<span class=\"elementor-grid-item\" role=\"listitem\">\n\t\t\t\t\t<a class=\"elementor-icon elementor-social-icon elementor-social-icon-link elementor-repeater-item-47f7671\" href=\"https:\/\/linktr.ee\/TessKamu?fbclid=PAZXh0bgNhZW0CMTEAAadKPYQV1WdS2otRAwAXFXRB-kGVcdgENCLUqtpZglC84XbVI8dGQV4OmHl0rg_aem_NWrPubQ9DEB2ZjuGBpGj-g\" target=\"_blank\">\n\t\t\t\t\t\t<span class=\"elementor-screen-only\">Link<\/span>\n\t\t\t\t\t\t<svg class=\"e-font-icon-svg e-fas-link\" viewBox=\"0 0 512 512\" xmlns=\"http:\/\/www.w3.org\/2000\/svg\"><path d=\"M326.612 185.391c59.747 59.809 58.927 155.698.36 214.59-.11.12-.24.25-.36.37l-67.2 67.2c-59.27 59.27-155.699 59.262-214.96 0-59.27-59.26-59.27-155.7 0-214.96l37.106-37.106c9.84-9.84 26.786-3.3 27.294 10.606.648 17.722 3.826 35.527 9.69 52.721 1.986 5.822.567 12.262-3.783 16.612l-13.087 13.087c-28.026 28.026-28.905 73.66-1.155 101.96 28.024 28.579 74.086 28.749 102.325.51l67.2-67.19c28.191-28.191 28.073-73.757 0-101.83-3.701-3.694-7.429-6.564-10.341-8.569a16.037 16.037 0 0 1-6.947-12.606c-.396-10.567 3.348-21.456 11.698-29.806l21.054-21.055c5.521-5.521 14.182-6.199 20.584-1.731a152.482 152.482 0 0 1 20.522 17.197zM467.547 44.449c-59.261-59.262-155.69-59.27-214.96 0l-67.2 67.2c-.12.12-.25.25-.36.37-58.566 58.892-59.387 154.781.36 214.59a152.454 152.454 0 0 0 20.521 17.196c6.402 4.468 15.064 3.789 20.584-1.731l21.054-21.055c8.35-8.35 12.094-19.239 11.698-29.806a16.037 16.037 0 0 0-6.947-12.606c-2.912-2.005-6.64-4.875-10.341-8.569-28.073-28.073-28.191-73.639 0-101.83l67.2-67.19c28.239-28.239 74.3-28.069 102.325.51 27.75 28.3 26.872 73.934-1.155 101.96l-13.087 13.087c-4.35 4.35-5.769 10.79-3.783 16.612 5.864 17.194 9.042 34.999 9.69 52.721.509 13.906 17.454 20.446 27.294 10.606l37.106-37.106c59.271-59.259 59.271-155.699.001-214.959z\"><\/path><\/svg>\t\t\t\t\t<\/a>\n\t\t\t\t<\/span>\n\t\t\t\t\t<\/div>\n\t\t\t\t\t\t<\/div>\n\t\t\t\t<\/div>\n\t\t<div class=\"elementor-element elementor-element-08bf80e e-con-full e-flex e-con e-child\" data-id=\"08bf80e\" data-element_type=\"container\">\n\t\t\t\t<div class=\"elementor-element elementor-element-dfb4194 elementor-widget elementor-widget-text-editor\" data-id=\"dfb4194\" data-element_type=\"widget\" data-widget_type=\"text-editor.default\">\n\t\t\t\t\t\t\t\t\t<p>TECH HOUSE<\/p>\t\t\t\t\t\t\t\t<\/div>\n\t\t\t\t<\/div>\n\t\t\t\t<\/div>\n\t\t\t\t\t<\/div>\n\t\t\t\t<\/div>\n\t\t\t\t<\/div>\n\t\t","protected":false},"excerpt":{"rendered":"<p>TESS KAMU Tess Kamu est une DJ passionn\u00e9e de tech house, un style qu\u2019elle ma\u00eetrise avec \u00e9nergie et subtilit\u00e9. Ses [&hellip;]<\/p>\n","protected":false},"author":1,"featured_media":0,"parent":0,"menu_order":0,"comment_status":"closed","ping_status":"closed","template":"","meta":{"site-sidebar-layout":"no-sidebar","site-content-layout":"","ast-site-content-layout":"full-width-container","site-content-style":"default","site-sidebar-style":"default","ast-global-header-display":"","ast-banner-title-visibility":"","ast-main-header-display":"","ast-hfb-above-header-display":"","ast-hfb-below-header-display":"","ast-hfb-mobile-header-display":"","site-post-title":"disabled","ast-breadcrumbs-content":"","ast-featured-img":"disabled","footer-sml-layout":"","theme-transparent-header-meta":"","adv-header-id-meta":"","stick-header-meta":"","header-above-stick-meta":"","header-main-stick-meta":"","header-below-stick-meta":"","astra-migrate-meta-layouts":"default","ast-page-background-enabled":"default","ast-page-background-meta":{"desktop":{"background-color":"var(--ast-global-color-5)","background-image":"","background-repeat":"repeat","background-position":"center center","background-size":"auto","background-attachment":"scroll","background-type":"","background-media":"","overlay-type":"","overlay-color":"","overlay-opacity":"","overlay-gradient":""},"tablet":{"background-color":"","background-image":"","background-repeat":"repeat","background-position":"center center","background-size":"auto","background-attachment":"scroll","background-type":"","background-media":"","overlay-type":"","overlay-color":"","overlay-opacity":"","overlay-gradient":""},"mobile":{"background-color":"","background-image":"","background-repeat":"repeat","background-position":"center center","background-size":"auto","background-attachment":"scroll","background-type":"","background-media":"","overlay-type":"","overlay-color":"","overlay-opacity":"","overlay-gradient":""}},"ast-content-background-meta":{"desktop":{"background-color":"var(--ast-global-color-4)","background-image":"","background-repeat":"repeat","background-position":"center center","background-size":"auto","background-attachment":"scroll","background-type":"","background-media":"","overlay-type":"","overlay-color":"","overlay-opacity":"","overlay-gradient":""},"tablet":{"background-color":"var(--ast-global-color-4)","background-image":"","background-repeat":"repeat","background-position":"center center","background-size":"auto","background-attachment":"scroll","background-type":"","background-media":"","overlay-type":"","overlay-color":"","overlay-opacity":"","overlay-gradient":""},"mobile":{"background-color":"var(--ast-global-color-4)","background-image":"","background-repeat":"repeat","background-position":"center center","background-size":"auto","background-attachment":"scroll","background-type":"","background-media":"","overlay-type":"","overlay-color":"","overlay-opacity":"","overlay-gradient":""}},"footnotes":""},"class_list":["post-454","page","type-page","status-publish","hentry"],"_links":{"self":[{"href":"https:\/\/www.olma-club.com\/index.php\/wp-json\/wp\/v2\/pages\/454","targetHints":{"allow":["GET"]}}],"collection":[{"href":"https:\/\/www.olma-club.com\/index.php\/wp-json\/wp\/v2\/pages"}],"about":[{"href":"https:\/\/www.olma-club.com\/index.php\/wp-json\/wp\/v2\/types\/page"}],"author":[{"embeddable":true,"href":"https:\/\/www.olma-club.com\/index.php\/wp-json\/wp\/v2\/users\/1"}],"replies":[{"embeddable":true,"href":"https:\/\/www.olma-club.com\/index.php\/wp-json\/wp\/v2\/comments?post=454"}],"version-history":[{"count":55,"href":"https:\/\/www.olma-club.com\/index.php\/wp-json\/wp\/v2\/pages\/454\/revisions"}],"predecessor-version":[{"id":1143,"href":"https:\/\/www.olma-club.com\/index.php\/wp-json\/wp\/v2\/pages\/454\/revisions\/1143"}],"wp:attachment":[{"href":"https:\/\/www.olma-club.com\/index.php\/wp-json\/wp\/v2\/media?parent=454"}],"curies":[{"name":"wp","href":"https:\/\/api.w.org\/{rel}","templated":true}]}}