{"id":170,"date":"2025-08-27T14:17:19","date_gmt":"2025-08-27T14:17:19","guid":{"rendered":"http:\/\/www.olma-club.com\/?page_id=170"},"modified":"2025-10-02T16:46:23","modified_gmt":"2025-10-02T16:46:23","slug":"evenements","status":"publish","type":"page","link":"https:\/\/www.olma-club.com\/index.php\/evenements\/","title":{"rendered":"\u00c9V\u00c8NEMENTS"},"content":{"rendered":"\t\t<div data-elementor-type=\"wp-page\" data-elementor-id=\"170\" class=\"elementor elementor-170\">\n\t\t\t\t<div class=\"elementor-element elementor-element-eeb4e74 e-flex e-con-boxed elementor-invisible e-con e-parent\" data-id=\"eeb4e74\" data-element_type=\"container\" data-settings=\"{&quot;animation&quot;:&quot;fadeInRight&quot;}\">\n\t\t\t\t\t<div class=\"e-con-inner\">\n\t\t<div class=\"elementor-element elementor-element-a284329 e-con-full e-flex e-con e-child\" data-id=\"a284329\" data-element_type=\"container\">\n\t\t\t\t<div class=\"elementor-element elementor-element-750a111 elementor-widget elementor-widget-image\" data-id=\"750a111\" data-element_type=\"widget\" data-widget_type=\"image.default\">\n\t\t\t\t\t\t\t\t\t\t\t\t\t\t\t\t<a href=\"https:\/\/shotgun.live\/en\/events\/dobe-soons-olmaclub\">\n\t\t\t\t\t\t\t<img fetchpriority=\"high\" decoding=\"async\" width=\"1024\" height=\"575\" src=\"https:\/\/www.olma-club.com\/wp-content\/uploads\/2025\/10\/WhatsApp-Image-2025-09-28-at-19.16.04-1024x575.jpeg\" class=\"attachment-large size-large wp-image-1382\" alt=\"\" srcset=\"https:\/\/www.olma-club.com\/wp-content\/uploads\/2025\/10\/WhatsApp-Image-2025-09-28-at-19.16.04-1024x575.jpeg 1024w, https:\/\/www.olma-club.com\/wp-content\/uploads\/2025\/10\/WhatsApp-Image-2025-09-28-at-19.16.04-300x169.jpeg 300w, https:\/\/www.olma-club.com\/wp-content\/uploads\/2025\/10\/WhatsApp-Image-2025-09-28-at-19.16.04-768x432.jpeg 768w, https:\/\/www.olma-club.com\/wp-content\/uploads\/2025\/10\/WhatsApp-Image-2025-09-28-at-19.16.04-1536x863.jpeg 1536w, https:\/\/www.olma-club.com\/wp-content\/uploads\/2025\/10\/WhatsApp-Image-2025-09-28-at-19.16.04.jpeg 1600w\" sizes=\"(max-width: 1024px) 100vw, 1024px\" \/>\t\t\t\t\t\t\t\t<\/a>\n\t\t\t\t\t\t\t\t\t\t\t\t\t\t\t<\/div>\n\t\t\t\t<\/div>\n\t\t<div class=\"elementor-element elementor-element-2271d8d e-con-full e-flex e-con e-child\" data-id=\"2271d8d\" data-element_type=\"container\">\n\t\t<div class=\"elementor-element elementor-element-c9a9be9 e-con-full e-flex e-con e-child\" data-id=\"c9a9be9\" data-element_type=\"container\">\n\t\t\t\t<div class=\"elementor-element elementor-element-7ecf33d elementor-widget elementor-widget-heading\" data-id=\"7ecf33d\" data-element_type=\"widget\" data-widget_type=\"heading.default\">\n\t\t\t\t\t<h2 class=\"elementor-heading-title elementor-size-default\"><a href=\"https:\/\/shotgun.live\/en\/events\/dobe-soons-olmaclub\">DOB\u00e9 &amp; SOONS<\/a><\/h2>\t\t\t\t<\/div>\n\t\t\t\t<\/div>\n\t\t<div class=\"elementor-element elementor-element-0b613fc e-con-full e-flex e-con e-child\" data-id=\"0b613fc\" data-element_type=\"container\">\n\t\t\t\t<div class=\"elementor-element elementor-element-5d03fb5 elementor-widget elementor-widget-text-editor\" data-id=\"5d03fb5\" data-element_type=\"widget\" data-widget_type=\"text-editor.default\">\n\t\t\t\t\t\t\t\t\t<p>Pr\u00e9pare toi pour une soir\u00e9e m\u00e9morable durant laquelle DOB\u00e9 et SOONS prendrons les commandes des platines pour te faire passer une soir\u00e9e incroyable!<\/p>\t\t\t\t\t\t\t\t<\/div>\n\t\t\t\t<\/div>\n\t\t\t\t<\/div>\n\t\t\t\t\t<\/div>\n\t\t\t\t<\/div>\n\t\t<div class=\"elementor-element elementor-element-aaa8af4 e-flex e-con-boxed elementor-invisible e-con e-parent\" data-id=\"aaa8af4\" data-element_type=\"container\" data-settings=\"{&quot;animation&quot;:&quot;fadeInLeft&quot;}\">\n\t\t\t\t\t<div class=\"e-con-inner\">\n\t\t<div class=\"elementor-element elementor-element-db104d8 e-con-full e-flex e-con e-child\" data-id=\"db104d8\" data-element_type=\"container\">\n\t\t\t\t\t\t\t<div data-eael_duration=\"{&quot;transitionDuration&quot;:1000}\" data-eael_easing=\"{&quot;transitionEasing&quot;:&quot;ease&quot;}\" data-eael_saturate_hover_effect=\"{&quot;saturate&quot;:170}\" data-eael_hover_duration=\"{&quot;transitionDuration&quot;:1000}\" data-eael_hover_easing=\"{&quot;transitionEasing&quot;:&quot;ease&quot;}\" class=\"eael_hover_effect elementor-element elementor-element-f7e3d3b elementor-widget elementor-widget-image\" data-id=\"f7e3d3b\" data-element_type=\"widget\" data-settings=\"{&quot;eael_hover_effect_saturate_hover&quot;:{&quot;unit&quot;:&quot;%&quot;,&quot;size&quot;:170,&quot;sizes&quot;:[]},&quot;eael_hover_effect_general_settings_easing&quot;:&quot;ease&quot;,&quot;eael_hover_effect_general_settings_hover_easing&quot;:&quot;ease&quot;}\" data-widget_type=\"image.default\">\n\t\t\t\t\t\t\t\t\t\t\t\t\t\t\t\t<a href=\"https:\/\/shotgun.live\/en\/events\/brisathen-miserez-olmaclub\">\n\t\t\t\t\t\t\t<img decoding=\"async\" width=\"1024\" height=\"576\" src=\"https:\/\/www.olma-club.com\/wp-content\/uploads\/2025\/09\/BRISATHEN-MISEREZ-SHOTGUN-1-1024x576.png\" class=\"attachment-large size-large wp-image-1359\" alt=\"\" srcset=\"https:\/\/www.olma-club.com\/wp-content\/uploads\/2025\/09\/BRISATHEN-MISEREZ-SHOTGUN-1-1024x576.png 1024w, https:\/\/www.olma-club.com\/wp-content\/uploads\/2025\/09\/BRISATHEN-MISEREZ-SHOTGUN-1-300x169.png 300w, https:\/\/www.olma-club.com\/wp-content\/uploads\/2025\/09\/BRISATHEN-MISEREZ-SHOTGUN-1-768x432.png 768w, https:\/\/www.olma-club.com\/wp-content\/uploads\/2025\/09\/BRISATHEN-MISEREZ-SHOTGUN-1-1536x864.png 1536w, https:\/\/www.olma-club.com\/wp-content\/uploads\/2025\/09\/BRISATHEN-MISEREZ-SHOTGUN-1-2048x1152.png 2048w\" sizes=\"(max-width: 1024px) 100vw, 1024px\" \/>\t\t\t\t\t\t\t\t<\/a>\n\t\t\t\t\t\t\t\t\t\t\t\t\t\t\t<\/div>\n\t\t\t\t<\/div>\n\t\t<div class=\"elementor-element elementor-element-44da846 e-con-full e-flex e-con e-child\" data-id=\"44da846\" data-element_type=\"container\">\n\t\t<div class=\"elementor-element elementor-element-c7bed2b e-con-full e-flex e-con e-child\" data-id=\"c7bed2b\" data-element_type=\"container\">\n\t\t\t\t<div class=\"elementor-element elementor-element-c1bcaed elementor-widget elementor-widget-heading\" data-id=\"c1bcaed\" data-element_type=\"widget\" data-widget_type=\"heading.default\">\n\t\t\t\t\t<h2 class=\"elementor-heading-title elementor-size-default\"><a href=\"https:\/\/shotgun.live\/en\/events\/brisathen-miserez-olmaclub\">BRISATHEN &amp; MISEREZ<\/a><\/h2>\t\t\t\t<\/div>\n\t\t\t\t<\/div>\n\t\t<div class=\"elementor-element elementor-element-4c3f919 e-con-full e-flex e-con e-child\" data-id=\"4c3f919\" data-element_type=\"container\">\n\t\t\t\t<div class=\"elementor-element elementor-element-204c101 elementor-widget elementor-widget-text-editor\" data-id=\"204c101\" data-element_type=\"widget\" data-widget_type=\"text-editor.default\">\n\t\t\t\t\t\t\t\t\t<p>Voyage entre continents avec Brisathen et Miserez\u00a0 aux commandes d\u2019une nuit Afro House pleine de groove et de chaleur.<br \/><br \/><\/p>\t\t\t\t\t\t\t\t<\/div>\n\t\t\t\t<\/div>\n\t\t\t\t<\/div>\n\t\t\t\t\t<\/div>\n\t\t\t\t<\/div>\n\t\t<div class=\"elementor-element elementor-element-66848e8 e-flex e-con-boxed elementor-invisible e-con e-parent\" data-id=\"66848e8\" data-element_type=\"container\" data-settings=\"{&quot;animation&quot;:&quot;fadeInRight&quot;}\">\n\t\t\t\t\t<div class=\"e-con-inner\">\n\t\t<div class=\"elementor-element elementor-element-b6da92f e-con-full e-flex e-con e-child\" data-id=\"b6da92f\" data-element_type=\"container\">\n\t\t\t\t\t\t\t<div data-eael_duration=\"{&quot;transitionDuration&quot;:1000}\" data-eael_easing=\"{&quot;transitionEasing&quot;:&quot;ease&quot;}\" data-eael_saturate_hover_effect=\"{&quot;saturate&quot;:160}\" data-eael_hover_duration=\"{&quot;transitionDuration&quot;:1000}\" data-eael_hover_easing=\"{&quot;transitionEasing&quot;:&quot;ease&quot;}\" class=\"eael_hover_effect elementor-element elementor-element-90fdf83 elementor-widget elementor-widget-image\" data-id=\"90fdf83\" data-element_type=\"widget\" data-settings=\"{&quot;eael_hover_effect_saturate_hover&quot;:{&quot;unit&quot;:&quot;%&quot;,&quot;size&quot;:160,&quot;sizes&quot;:[]},&quot;eael_hover_effect_general_settings_easing&quot;:&quot;ease&quot;,&quot;eael_hover_effect_general_settings_hover_easing&quot;:&quot;ease&quot;}\" data-widget_type=\"image.default\">\n\t\t\t\t\t\t\t\t\t\t\t\t\t\t\t\t<a href=\"https:\/\/shotgun.live\/en\/events\/abstraal-ily-after-brunch-electronik\">\n\t\t\t\t\t\t\t<img decoding=\"async\" width=\"1\" height=\"1\" src=\"https:\/\/www.olma-club.com\/wp-content\/uploads\/2025\/09\/ABSTRAAL-ILy-INSTA-SHOTGUN.png\" class=\"attachment-large size-large wp-image-1162\" alt=\"\" \/>\t\t\t\t\t\t\t\t<\/a>\n\t\t\t\t\t\t\t\t\t\t\t\t\t\t\t<\/div>\n\t\t\t\t<\/div>\n\t\t<div class=\"elementor-element elementor-element-c7a88a2 e-con-full e-flex e-con e-child\" data-id=\"c7a88a2\" data-element_type=\"container\">\n\t\t<div class=\"elementor-element elementor-element-d238e94 e-con-full e-flex e-con e-child\" data-id=\"d238e94\" data-element_type=\"container\">\n\t\t\t\t<div class=\"elementor-element elementor-element-04e95f3 elementor-widget elementor-widget-heading\" data-id=\"04e95f3\" data-element_type=\"widget\" data-widget_type=\"heading.default\">\n\t\t\t\t\t<h2 class=\"elementor-heading-title elementor-size-default\"><a href=\"https:\/\/shotgun.live\/en\/events\/abstraal-ily-after-brunch-electronik\">AFTER BRUNCH <\/a><\/h2>\t\t\t\t<\/div>\n\t\t\t\t<\/div>\n\t\t<div class=\"elementor-element elementor-element-52c2268 e-con-full e-flex e-con e-child\" data-id=\"52c2268\" data-element_type=\"container\">\n\t\t\t\t<div class=\"elementor-element elementor-element-21957a8 elementor-widget elementor-widget-text-editor\" data-id=\"21957a8\" data-element_type=\"widget\" data-widget_type=\"text-editor.default\">\n\t\t\t\t\t\t\t\t\t<p>Cette ann\u00e9e la f\u00eate se poursuit jusqu&#8217;au bout du weekend chez OLMA. On vous accueillent dimanche soir avec une lineup au petit oignons!<\/p>\t\t\t\t\t\t\t\t<\/div>\n\t\t\t\t<\/div>\n\t\t\t\t<\/div>\n\t\t\t\t\t<\/div>\n\t\t\t\t<\/div>\n\t\t<div class=\"elementor-element elementor-element-0884432 e-flex e-con-boxed elementor-invisible e-con e-parent\" data-id=\"0884432\" data-element_type=\"container\" data-settings=\"{&quot;animation&quot;:&quot;fadeInLeft&quot;}\">\n\t\t\t\t\t<div class=\"e-con-inner\">\n\t\t<div class=\"elementor-element elementor-element-ed46326 e-con-full e-flex e-con e-child\" data-id=\"ed46326\" data-element_type=\"container\">\n\t\t\t\t<div class=\"elementor-element elementor-element-b6ec214 elementor-widget elementor-widget-image\" data-id=\"b6ec214\" data-element_type=\"widget\" data-widget_type=\"image.default\">\n\t\t\t\t\t\t\t\t\t\t\t\t\t\t\t\t<a href=\"https:\/\/shotgun.live\/fr\/events\/openning-olma-club\">\n\t\t\t\t\t\t\t<img loading=\"lazy\" decoding=\"async\" width=\"1024\" height=\"576\" src=\"https:\/\/www.olma-club.com\/wp-content\/uploads\/2025\/08\/WhatsApp-Image-2025-08-28-at-18.40.30-1024x576.jpeg\" class=\"attachment-large size-large wp-image-370\" alt=\"\" srcset=\"https:\/\/www.olma-club.com\/wp-content\/uploads\/2025\/08\/WhatsApp-Image-2025-08-28-at-18.40.30-1024x576.jpeg 1024w, https:\/\/www.olma-club.com\/wp-content\/uploads\/2025\/08\/WhatsApp-Image-2025-08-28-at-18.40.30-300x169.jpeg 300w, https:\/\/www.olma-club.com\/wp-content\/uploads\/2025\/08\/WhatsApp-Image-2025-08-28-at-18.40.30-768x432.jpeg 768w, https:\/\/www.olma-club.com\/wp-content\/uploads\/2025\/08\/WhatsApp-Image-2025-08-28-at-18.40.30-1536x864.jpeg 1536w, https:\/\/www.olma-club.com\/wp-content\/uploads\/2025\/08\/WhatsApp-Image-2025-08-28-at-18.40.30.jpeg 1600w\" sizes=\"(max-width: 1024px) 100vw, 1024px\" \/>\t\t\t\t\t\t\t\t<\/a>\n\t\t\t\t\t\t\t\t\t\t\t\t\t\t\t<\/div>\n\t\t\t\t<\/div>\n\t\t<div class=\"elementor-element elementor-element-56fd716 e-con-full e-flex e-con e-child\" data-id=\"56fd716\" data-element_type=\"container\">\n\t\t<div class=\"elementor-element elementor-element-68769ba e-con-full e-flex e-con e-child\" data-id=\"68769ba\" data-element_type=\"container\">\n\t\t\t\t<div class=\"elementor-element elementor-element-ef03592 elementor-widget__width-initial elementor-widget-tablet__width-initial elementor-widget-mobile__width-initial elementor-widget elementor-widget-heading\" data-id=\"ef03592\" data-element_type=\"widget\" data-widget_type=\"heading.default\">\n\t\t\t\t\t<h2 class=\"elementor-heading-title elementor-size-default\">GRAND OPENING<\/h2>\t\t\t\t<\/div>\n\t\t\t\t<\/div>\n\t\t<div class=\"elementor-element elementor-element-46c476f e-con-full e-flex e-con e-child\" data-id=\"46c476f\" data-element_type=\"container\">\n\t\t\t\t<div class=\"elementor-element elementor-element-300f642 elementor-widget elementor-widget-text-editor\" data-id=\"300f642\" data-element_type=\"widget\" data-widget_type=\"text-editor.default\">\n\t\t\t\t\t\t\t\t\t<p>\u00a0OLMA Club ouvre ses portes\u00a0<br \/>Rejoignez-nous pour une premi\u00e8re nuit inoubliable o\u00f9 la musique house rencontre l\u2019art de la f\u00eate.<\/p>\t\t\t\t\t\t\t\t<\/div>\n\t\t\t\t<\/div>\n\t\t\t\t<\/div>\n\t\t\t\t\t<\/div>\n\t\t\t\t<\/div>\n\t\t\t\t<\/div>\n\t\t","protected":false},"excerpt":{"rendered":"<p>DOB\u00e9 &amp; SOONS Pr\u00e9pare toi pour une soir\u00e9e m\u00e9morable durant laquelle DOB\u00e9 et SOONS prendrons les commandes des platines pour [&hellip;]<\/p>\n","protected":false},"author":1,"featured_media":0,"parent":0,"menu_order":0,"comment_status":"closed","ping_status":"closed","template":"","meta":{"site-sidebar-layout":"no-sidebar","site-content-layout":"","ast-site-content-layout":"full-width-container","site-content-style":"default","site-sidebar-style":"default","ast-global-header-display":"","ast-banner-title-visibility":"","ast-main-header-display":"","ast-hfb-above-header-display":"","ast-hfb-below-header-display":"","ast-hfb-mobile-header-display":"","site-post-title":"disabled","ast-breadcrumbs-content":"","ast-featured-img":"disabled","footer-sml-layout":"","theme-transparent-header-meta":"","adv-header-id-meta":"","stick-header-meta":"","header-above-stick-meta":"","header-main-stick-meta":"","header-below-stick-meta":"","astra-migrate-meta-layouts":"default","ast-page-background-enabled":"default","ast-page-background-meta":{"desktop":{"background-color":"var(--ast-global-color-5)","background-image":"","background-repeat":"repeat","background-position":"center center","background-size":"auto","background-attachment":"scroll","background-type":"","background-media":"","overlay-type":"","overlay-color":"","overlay-opacity":"","overlay-gradient":""},"tablet":{"background-color":"","background-image":"","background-repeat":"repeat","background-position":"center center","background-size":"auto","background-attachment":"scroll","background-type":"","background-media":"","overlay-type":"","overlay-color":"","overlay-opacity":"","overlay-gradient":""},"mobile":{"background-color":"","background-image":"","background-repeat":"repeat","background-position":"center center","background-size":"auto","background-attachment":"scroll","background-type":"","background-media":"","overlay-type":"","overlay-color":"","overlay-opacity":"","overlay-gradient":""}},"ast-content-background-meta":{"desktop":{"background-color":"var(--ast-global-color-4)","background-image":"","background-repeat":"repeat","background-position":"center center","background-size":"auto","background-attachment":"scroll","background-type":"","background-media":"","overlay-type":"","overlay-color":"","overlay-opacity":"","overlay-gradient":""},"tablet":{"background-color":"var(--ast-global-color-4)","background-image":"","background-repeat":"repeat","background-position":"center center","background-size":"auto","background-attachment":"scroll","background-type":"","background-media":"","overlay-type":"","overlay-color":"","overlay-opacity":"","overlay-gradient":""},"mobile":{"background-color":"var(--ast-global-color-4)","background-image":"","background-repeat":"repeat","background-position":"center center","background-size":"auto","background-attachment":"scroll","background-type":"","background-media":"","overlay-type":"","overlay-color":"","overlay-opacity":"","overlay-gradient":""}},"footnotes":""},"class_list":["post-170","page","type-page","status-publish","hentry"],"_links":{"self":[{"href":"https:\/\/www.olma-club.com\/index.php\/wp-json\/wp\/v2\/pages\/170","targetHints":{"allow":["GET"]}}],"collection":[{"href":"https:\/\/www.olma-club.com\/index.php\/wp-json\/wp\/v2\/pages"}],"about":[{"href":"https:\/\/www.olma-club.com\/index.php\/wp-json\/wp\/v2\/types\/page"}],"author":[{"embeddable":true,"href":"https:\/\/www.olma-club.com\/index.php\/wp-json\/wp\/v2\/users\/1"}],"replies":[{"embeddable":true,"href":"https:\/\/www.olma-club.com\/index.php\/wp-json\/wp\/v2\/comments?post=170"}],"version-history":[{"count":100,"href":"https:\/\/www.olma-club.com\/index.php\/wp-json\/wp\/v2\/pages\/170\/revisions"}],"predecessor-version":[{"id":1395,"href":"https:\/\/www.olma-club.com\/index.php\/wp-json\/wp\/v2\/pages\/170\/revisions\/1395"}],"wp:attachment":[{"href":"https:\/\/www.olma-club.com\/index.php\/wp-json\/wp\/v2\/media?parent=170"}],"curies":[{"name":"wp","href":"https:\/\/api.w.org\/{rel}","templated":true}]}}