{"id":105,"date":"2025-08-26T15:25:23","date_gmt":"2025-08-26T15:25:23","guid":{"rendered":"http:\/\/www.olma-club.com\/?page_id=105"},"modified":"2025-12-04T09:20:36","modified_gmt":"2025-12-04T09:20:36","slug":"privatisation","status":"publish","type":"page","link":"https:\/\/www.olma-club.com\/index.php\/privatisation\/","title":{"rendered":"PRIVATISATION"},"content":{"rendered":"\t\t<div data-elementor-type=\"wp-page\" data-elementor-id=\"105\" class=\"elementor elementor-105\">\n\t\t\t\t<div class=\"elementor-element elementor-element-fe65ec7 e-con-full e-flex e-con e-parent\" data-id=\"fe65ec7\" data-element_type=\"container\">\n\t\t<div class=\"elementor-element elementor-element-663248f e-con-full e-flex e-con e-child\" data-id=\"663248f\" data-element_type=\"container\">\n\t\t\t\t<div class=\"elementor-element elementor-element-74df563 elementor-widget elementor-widget-image\" data-id=\"74df563\" data-element_type=\"widget\" data-widget_type=\"image.default\">\n\t\t\t\t\t\t\t\t\t\t\t\t\t\t\t<img fetchpriority=\"high\" decoding=\"async\" width=\"1024\" height=\"768\" src=\"https:\/\/www.olma-club.com\/wp-content\/uploads\/2025\/12\/OLMA-Privatisation-3-1024x768.jpg\" class=\"attachment-large size-large wp-image-1396\" alt=\"\" srcset=\"https:\/\/www.olma-club.com\/wp-content\/uploads\/2025\/12\/OLMA-Privatisation-3-1024x768.jpg 1024w, https:\/\/www.olma-club.com\/wp-content\/uploads\/2025\/12\/OLMA-Privatisation-3-300x225.jpg 300w, https:\/\/www.olma-club.com\/wp-content\/uploads\/2025\/12\/OLMA-Privatisation-3-768x576.jpg 768w, https:\/\/www.olma-club.com\/wp-content\/uploads\/2025\/12\/OLMA-Privatisation-3-1536x1152.jpg 1536w, https:\/\/www.olma-club.com\/wp-content\/uploads\/2025\/12\/OLMA-Privatisation-3-2048x1536.jpg 2048w\" sizes=\"(max-width: 1024px) 100vw, 1024px\" \/>\t\t\t\t\t\t\t\t\t\t\t\t\t\t\t<\/div>\n\t\t\t\t<\/div>\n\t\t<div class=\"elementor-element elementor-element-b313505 e-con-full e-flex e-con e-child\" data-id=\"b313505\" data-element_type=\"container\">\n\t\t<div class=\"elementor-element elementor-element-562d570 e-con-full e-flex e-con e-child\" data-id=\"562d570\" data-element_type=\"container\">\n\t\t\t\t<div class=\"elementor-element elementor-element-c3ded88 elementor-widget-tablet__width-initial elementor-widget elementor-widget-heading\" data-id=\"c3ded88\" data-element_type=\"widget\" data-widget_type=\"heading.default\">\n\t\t\t\t\t<h2 class=\"elementor-heading-title elementor-size-default\">Le OLMA Club c\u2019est plus qu\u2019un lieu : c\u2019est une \u00e9nergie, une adresse, un terrain de jeu pour vos plus beaux projets \u00e9venementiels.<\/h2>\t\t\t\t<\/div>\n\t\t\t\t<\/div>\n\t\t<div class=\"elementor-element elementor-element-c3f1f44 e-con-full e-flex e-con e-child\" data-id=\"c3f1f44\" data-element_type=\"container\">\n\t\t\t\t<div class=\"elementor-element elementor-element-8ee5a3e elementor-widget elementor-widget-text-editor\" data-id=\"8ee5a3e\" data-element_type=\"widget\" data-widget_type=\"text-editor.default\">\n\t\t\t\t\t\t\t\t\t<p>Install\u00e9 au centre n\u00e9vralgique de Lyon, dans l\u2019effervescence du 1er arrondissement, ce lieu pens\u00e9 pour devenir iconique nait de l&#8217;alliance de deux passionn\u00e9s, l&#8217;un DJ et l&#8217;autre Architecte. M\u00e9lange parfait entre soucis du d\u00e9tails, style et convivialit\u00e9, il est situ\u00e9 \u00e0 deux pas de l\u2019H\u00f4tel de Ville et vibre au rythme des soir\u00e9es house, port\u00e9 par des artistes venus de partout\u2026 et des talents de chez nous.<\/p>\t\t\t\t\t\t\t\t<\/div>\n\t\t\t\t<\/div>\n\t\t\t\t<\/div>\n\t\t\t\t<\/div>\n\t\t<div class=\"elementor-element elementor-element-413ff6f e-con-full e-flex e-con e-parent\" data-id=\"413ff6f\" data-element_type=\"container\">\n\t\t<div class=\"elementor-element elementor-element-25196ef e-con-full e-flex e-con e-child\" data-id=\"25196ef\" data-element_type=\"container\">\n\t\t\t\t<div class=\"elementor-element elementor-element-573e96b elementor-widget elementor-widget-image\" data-id=\"573e96b\" data-element_type=\"widget\" data-widget_type=\"image.default\">\n\t\t\t\t\t\t\t\t\t\t\t\t\t\t\t<img decoding=\"async\" width=\"1024\" height=\"768\" src=\"https:\/\/www.olma-club.com\/wp-content\/uploads\/2025\/12\/OLMA-Privatisation-10-1024x768.jpg\" class=\"attachment-large size-large wp-image-1399\" alt=\"\" srcset=\"https:\/\/www.olma-club.com\/wp-content\/uploads\/2025\/12\/OLMA-Privatisation-10-1024x768.jpg 1024w, https:\/\/www.olma-club.com\/wp-content\/uploads\/2025\/12\/OLMA-Privatisation-10-300x225.jpg 300w, https:\/\/www.olma-club.com\/wp-content\/uploads\/2025\/12\/OLMA-Privatisation-10-768x576.jpg 768w, https:\/\/www.olma-club.com\/wp-content\/uploads\/2025\/12\/OLMA-Privatisation-10-1536x1152.jpg 1536w, https:\/\/www.olma-club.com\/wp-content\/uploads\/2025\/12\/OLMA-Privatisation-10-2048x1536.jpg 2048w\" sizes=\"(max-width: 1024px) 100vw, 1024px\" \/>\t\t\t\t\t\t\t\t\t\t\t\t\t\t\t<\/div>\n\t\t\t\t<\/div>\n\t\t<div class=\"elementor-element elementor-element-bb8d03b e-con-full e-flex e-con e-child\" data-id=\"bb8d03b\" data-element_type=\"container\">\n\t\t<div class=\"elementor-element elementor-element-df72fa8 e-con-full e-flex e-con e-child\" data-id=\"df72fa8\" data-element_type=\"container\">\n\t\t\t\t<div class=\"elementor-element elementor-element-92dfa75 elementor-widget elementor-widget-heading\" data-id=\"92dfa75\" data-element_type=\"widget\" data-widget_type=\"heading.default\">\n\t\t\t\t\t<h2 class=\"elementor-heading-title elementor-size-default\">La Surface<\/h2>\t\t\t\t<\/div>\n\t\t\t\t<\/div>\n\t\t<div class=\"elementor-element elementor-element-6052f80 e-con-full e-flex e-con e-child\" data-id=\"6052f80\" data-element_type=\"container\">\n\t\t\t\t<div class=\"elementor-element elementor-element-98d640c elementor-widget-tablet__width-initial elementor-widget elementor-widget-text-editor\" data-id=\"98d640c\" data-element_type=\"widget\" data-widget_type=\"text-editor.default\">\n\t\t\t\t\t\t\t\t\t<p>Ici, rien n\u2019est laiss\u00e9 au hasard, de la d\u00e9co \u00e0 la musique. Deux niveaux pens\u00e9s pour circuler, se rencontrer, se retrouver. Un dancefloor pour les moments forts, un coin chill pour souffler entre deux \u00e9changes, un espace fumoir pour laisser redescendre la pression.<\/p><p>Avec 150 m\u00b2 exploitables, le lieu se module selon vos besoins. Lancement de produit, cocktail pro, soir\u00e9e d\u2019entreprise, team building, r\u00e9sidence artistique ou tournage\u2026 tout est envisageable, et surtout r\u00e9alisable. On aime quand \u00e7a bouge, quand \u00e7a cr\u00e9e, quand \u00e7a connecte.<\/p><p>\u00a0<\/p>\t\t\t\t\t\t\t\t<\/div>\n\t\t\t\t<\/div>\n\t\t\t\t<\/div>\n\t\t\t\t<\/div>\n\t\t<div class=\"elementor-element elementor-element-01ea80c e-con-full e-flex e-con e-parent\" data-id=\"01ea80c\" data-element_type=\"container\">\n\t\t\t\t<div class=\"elementor-element elementor-element-15603a7 elementor-widget__width-initial elementor-widget-mobile__width-initial elementor-widget elementor-widget-text-editor\" data-id=\"15603a7\" data-element_type=\"widget\" data-widget_type=\"text-editor.default\">\n\t\t\t\t\t\t\t\t\t<p>Le vrai plus ? Sa localisation id\u00e9ale : au centre de tout, mais \u00e0 l\u2019\u00e9cart du stress. Facile d\u2019acc\u00e8s, agr\u00e9able \u00e0 quitter (m\u00eame si on sait que vous aurez du mal \u00e0 partir), le OLMA s\u2019adapte \u00e0 votre tempo. un lieu r\u00e9fl\u00e9chit, avec du relief et une vraie personnalit\u00e9. Un \u00e9crin brut mais accueillant, professionnel mais pas froid, structur\u00e9 sans \u00eatre rigide. Et surtout, un espace habit\u00e9 par une \u00e9quipe \u00e0 l\u2019\u00e9coute, pr\u00eate \u00e0 co-construire avec vous chaque moment fort.<\/p><p>Vous avez une id\u00e9e ? On lui donne corps. Vous avez un besoin ? On trouve la solution.<\/p><p><strong>Bienvenue dans un lieu qui vous ressemble. Pr\u00eat \u00e0 marquer les esprits.<\/strong><\/p>\t\t\t\t\t\t\t\t<\/div>\n\t\t\t\t<\/div>\n\t\t<div class=\"elementor-element elementor-element-25215b8 e-con-full e-flex e-con e-parent\" data-id=\"25215b8\" data-element_type=\"container\">\n\t\t<div class=\"elementor-element elementor-element-68d4f0b e-con-full e-flex e-con e-child\" data-id=\"68d4f0b\" data-element_type=\"container\">\n\t\t\t\t<div class=\"elementor-element elementor-element-721f7eb elementor-widget-tablet__width-initial elementor-widget elementor-widget-heading\" data-id=\"721f7eb\" data-element_type=\"widget\" data-widget_type=\"heading.default\">\n\t\t\t\t\t<h2 class=\"elementor-heading-title elementor-size-default\">150<\/h2>\t\t\t\t<\/div>\n\t\t\t\t<div class=\"elementor-element elementor-element-f608568 elementor-widget__width-initial elementor-widget-tablet__width-initial elementor-widget-mobile__width-initial elementor-widget-divider--view-line elementor-widget elementor-widget-divider\" data-id=\"f608568\" data-element_type=\"widget\" data-widget_type=\"divider.default\">\n\t\t\t\t\t\t\t<div class=\"elementor-divider\">\n\t\t\t<span class=\"elementor-divider-separator\">\n\t\t\t\t\t\t<\/span>\n\t\t<\/div>\n\t\t\t\t\t\t<\/div>\n\t\t\t\t<div class=\"elementor-element elementor-element-37ca0fb elementor-widget elementor-widget-text-editor\" data-id=\"37ca0fb\" data-element_type=\"widget\" data-widget_type=\"text-editor.default\">\n\t\t\t\t\t\t\t\t\t<p>PLACES DEBOUTS<\/p>\t\t\t\t\t\t\t\t<\/div>\n\t\t\t\t<\/div>\n\t\t<div class=\"elementor-element elementor-element-06771e9 e-con-full e-flex e-con e-child\" data-id=\"06771e9\" data-element_type=\"container\">\n\t\t\t\t<div class=\"elementor-element elementor-element-f597194 elementor-widget elementor-widget-heading\" data-id=\"f597194\" data-element_type=\"widget\" data-widget_type=\"heading.default\">\n\t\t\t\t\t<h2 class=\"elementor-heading-title elementor-size-default\">DIM,LUN,MAR,MER<\/h2>\t\t\t\t<\/div>\n\t\t\t\t<div class=\"elementor-element elementor-element-1f89109 elementor-widget-mobile__width-initial elementor-widget-divider--view-line elementor-widget elementor-widget-divider\" data-id=\"1f89109\" data-element_type=\"widget\" data-widget_type=\"divider.default\">\n\t\t\t\t\t\t\t<div class=\"elementor-divider\">\n\t\t\t<span class=\"elementor-divider-separator\">\n\t\t\t\t\t\t<\/span>\n\t\t<\/div>\n\t\t\t\t\t\t<\/div>\n\t\t\t\t<div class=\"elementor-element elementor-element-5515454 elementor-widget elementor-widget-text-editor\" data-id=\"5515454\" data-element_type=\"widget\" data-widget_type=\"text-editor.default\">\n\t\t\t\t\t\t\t\t\t<p>R\u00c9SERVATIONS<\/p>\t\t\t\t\t\t\t\t<\/div>\n\t\t\t\t<\/div>\n\t\t<div class=\"elementor-element elementor-element-96edbbf e-con-full e-flex e-con e-child\" data-id=\"96edbbf\" data-element_type=\"container\">\n\t\t\t\t<div class=\"elementor-element elementor-element-d8f745c elementor-widget elementor-widget-heading\" data-id=\"d8f745c\" data-element_type=\"widget\" data-widget_type=\"heading.default\">\n\t\t\t\t\t<h2 class=\"elementor-heading-title elementor-size-default\">2 SALLES<\/h2>\t\t\t\t<\/div>\n\t\t\t\t<div class=\"elementor-element elementor-element-79a70df elementor-widget-mobile__width-initial elementor-widget-divider--view-line elementor-widget elementor-widget-divider\" data-id=\"79a70df\" data-element_type=\"widget\" data-widget_type=\"divider.default\">\n\t\t\t\t\t\t\t<div class=\"elementor-divider\">\n\t\t\t<span class=\"elementor-divider-separator\">\n\t\t\t\t\t\t<\/span>\n\t\t<\/div>\n\t\t\t\t\t\t<\/div>\n\t\t\t\t<div class=\"elementor-element elementor-element-f9d052c elementor-widget-tablet__width-initial elementor-widget elementor-widget-text-editor\" data-id=\"f9d052c\" data-element_type=\"widget\" data-widget_type=\"text-editor.default\">\n\t\t\t\t\t\t\t\t\t<p>LOUNGES &amp; DANCEFLOOR<\/p>\t\t\t\t\t\t\t\t<\/div>\n\t\t<div class=\"elementor-element elementor-element-a537286 e-con-full e-flex e-con e-child\" data-id=\"a537286\" data-element_type=\"container\">\n\t\t\t\t<div class=\"elementor-element elementor-element-2d34080 elementor-widget elementor-widget-heading\" data-id=\"2d34080\" data-element_type=\"widget\" data-widget_type=\"heading.default\">\n\t\t\t\t\t<h2 class=\"elementor-heading-title elementor-size-default\">\u00c9QUIPEMENTS NEUFS<\/h2>\t\t\t\t<\/div>\n\t\t\t\t<div class=\"elementor-element elementor-element-f4dae70 elementor-widget-mobile__width-initial elementor-widget-divider--view-line elementor-widget elementor-widget-divider\" data-id=\"f4dae70\" data-element_type=\"widget\" data-widget_type=\"divider.default\">\n\t\t\t\t\t\t\t<div class=\"elementor-divider\">\n\t\t\t<span class=\"elementor-divider-separator\">\n\t\t\t\t\t\t<\/span>\n\t\t<\/div>\n\t\t\t\t\t\t<\/div>\n\t\t\t\t<div class=\"elementor-element elementor-element-29e210f elementor-widget-tablet__width-initial elementor-widget elementor-widget-text-editor\" data-id=\"29e210f\" data-element_type=\"widget\" data-widget_type=\"text-editor.default\">\n\t\t\t\t\t\t\t\t\t<p>SONS &amp; LUMI\u00c8RES<\/p>\t\t\t\t\t\t\t\t<\/div>\n\t\t\t\t<\/div>\n\t\t\t\t<\/div>\n\t\t<div class=\"elementor-element elementor-element-4e9f36f e-con-full e-flex e-con e-child\" data-id=\"4e9f36f\" data-element_type=\"container\">\n\t\t<div class=\"elementor-element elementor-element-94631f4 e-con-full e-flex e-con e-child\" data-id=\"94631f4\" data-element_type=\"container\">\n\t\t\t\t<div class=\"elementor-element elementor-element-8b9b10d elementor-widget elementor-widget-heading\" data-id=\"8b9b10d\" data-element_type=\"widget\" data-widget_type=\"heading.default\">\n\t\t\t\t\t<h2 class=\"elementor-heading-title elementor-size-default\">ACCESSIBILIT\u00c9<\/h2>\t\t\t\t<\/div>\n\t\t\t\t<div class=\"elementor-element elementor-element-cd539a1 elementor-widget-mobile__width-initial elementor-widget-divider--view-line elementor-widget elementor-widget-divider\" data-id=\"cd539a1\" data-element_type=\"widget\" data-widget_type=\"divider.default\">\n\t\t\t\t\t\t\t<div class=\"elementor-divider\">\n\t\t\t<span class=\"elementor-divider-separator\">\n\t\t\t\t\t\t<\/span>\n\t\t<\/div>\n\t\t\t\t\t\t<\/div>\n\t\t\t\t<div class=\"elementor-element elementor-element-7048690 elementor-widget elementor-widget-text-editor\" data-id=\"7048690\" data-element_type=\"widget\" data-widget_type=\"text-editor.default\">\n\t\t\t\t\t\t\t\t\t<p>CENTRE VILLE<\/p>\t\t\t\t\t\t\t\t<\/div>\n\t\t\t\t<\/div>\n\t\t\t\t<\/div>\n\t\t\t\t<\/div>\n\t\t<div class=\"elementor-element elementor-element-86bed37 e-con-full e-flex e-con e-parent\" data-id=\"86bed37\" data-element_type=\"container\">\n\t\t\t\t<div class=\"elementor-element elementor-element-ea50fff elementor-align-center elementor-widget-mobile__width-initial elementor-widget elementor-widget-button\" data-id=\"ea50fff\" data-element_type=\"widget\" data-widget_type=\"button.default\">\n\t\t\t\t\t\t\t\t\t\t<a class=\"elementor-button elementor-button-link elementor-size-sm elementor-animation-sink\" href=\"mailto:contact@olma-club.com\">\n\t\t\t\t\t\t<span class=\"elementor-button-content-wrapper\">\n\t\t\t\t\t\t\t\t\t<span class=\"elementor-button-text\">CONTACTEZ-NOUS<\/span>\n\t\t\t\t\t<\/span>\n\t\t\t\t\t<\/a>\n\t\t\t\t\t\t\t\t<\/div>\n\t\t\t\t<\/div>\n\t\t\t\t<\/div>\n\t\t","protected":false},"excerpt":{"rendered":"<p>Le OLMA Club c\u2019est plus qu\u2019un lieu : c\u2019est une \u00e9nergie, une adresse, un terrain de jeu pour vos plus [&hellip;]<\/p>\n","protected":false},"author":1,"featured_media":0,"parent":0,"menu_order":0,"comment_status":"closed","ping_status":"closed","template":"","meta":{"site-sidebar-layout":"no-sidebar","site-content-layout":"","ast-site-content-layout":"full-width-container","site-content-style":"default","site-sidebar-style":"default","ast-global-header-display":"","ast-banner-title-visibility":"","ast-main-header-display":"","ast-hfb-above-header-display":"","ast-hfb-below-header-display":"","ast-hfb-mobile-header-display":"","site-post-title":"disabled","ast-breadcrumbs-content":"","ast-featured-img":"disabled","footer-sml-layout":"","theme-transparent-header-meta":"","adv-header-id-meta":"","stick-header-meta":"","header-above-stick-meta":"","header-main-stick-meta":"","header-below-stick-meta":"","astra-migrate-meta-layouts":"default","ast-page-background-enabled":"default","ast-page-background-meta":{"desktop":{"background-color":"var(--ast-global-color-5)","background-image":"","background-repeat":"repeat","background-position":"center center","background-size":"auto","background-attachment":"scroll","background-type":"","background-media":"","overlay-type":"","overlay-color":"","overlay-opacity":"","overlay-gradient":""},"tablet":{"background-color":"","background-image":"","background-repeat":"repeat","background-position":"center center","background-size":"auto","background-attachment":"scroll","background-type":"","background-media":"","overlay-type":"","overlay-color":"","overlay-opacity":"","overlay-gradient":""},"mobile":{"background-color":"","background-image":"","background-repeat":"repeat","background-position":"center center","background-size":"auto","background-attachment":"scroll","background-type":"","background-media":"","overlay-type":"","overlay-color":"","overlay-opacity":"","overlay-gradient":""}},"ast-content-background-meta":{"desktop":{"background-color":"var(--ast-global-color-4)","background-image":"","background-repeat":"repeat","background-position":"center center","background-size":"auto","background-attachment":"scroll","background-type":"","background-media":"","overlay-type":"","overlay-color":"","overlay-opacity":"","overlay-gradient":""},"tablet":{"background-color":"var(--ast-global-color-4)","background-image":"","background-repeat":"repeat","background-position":"center center","background-size":"auto","background-attachment":"scroll","background-type":"","background-media":"","overlay-type":"","overlay-color":"","overlay-opacity":"","overlay-gradient":""},"mobile":{"background-color":"var(--ast-global-color-4)","background-image":"","background-repeat":"repeat","background-position":"center center","background-size":"auto","background-attachment":"scroll","background-type":"","background-media":"","overlay-type":"","overlay-color":"","overlay-opacity":"","overlay-gradient":""}},"footnotes":""},"class_list":["post-105","page","type-page","status-publish","hentry"],"_links":{"self":[{"href":"https:\/\/www.olma-club.com\/index.php\/wp-json\/wp\/v2\/pages\/105","targetHints":{"allow":["GET"]}}],"collection":[{"href":"https:\/\/www.olma-club.com\/index.php\/wp-json\/wp\/v2\/pages"}],"about":[{"href":"https:\/\/www.olma-club.com\/index.php\/wp-json\/wp\/v2\/types\/page"}],"author":[{"embeddable":true,"href":"https:\/\/www.olma-club.com\/index.php\/wp-json\/wp\/v2\/users\/1"}],"replies":[{"embeddable":true,"href":"https:\/\/www.olma-club.com\/index.php\/wp-json\/wp\/v2\/comments?post=105"}],"version-history":[{"count":133,"href":"https:\/\/www.olma-club.com\/index.php\/wp-json\/wp\/v2\/pages\/105\/revisions"}],"predecessor-version":[{"id":1410,"href":"https:\/\/www.olma-club.com\/index.php\/wp-json\/wp\/v2\/pages\/105\/revisions\/1410"}],"wp:attachment":[{"href":"https:\/\/www.olma-club.com\/index.php\/wp-json\/wp\/v2\/media?parent=105"}],"curies":[{"name":"wp","href":"https:\/\/api.w.org\/{rel}","templated":true}]}}