{"id":103,"date":"2025-08-26T15:24:57","date_gmt":"2025-08-26T15:24:57","guid":{"rendered":"http:\/\/www.olma-club.com\/?page_id=103"},"modified":"2025-09-02T08:58:42","modified_gmt":"2025-09-02T08:58:42","slug":"artistes","status":"publish","type":"page","link":"https:\/\/www.olma-club.com\/index.php\/artistes\/","title":{"rendered":"ARTISTES"},"content":{"rendered":"\t\t<div data-elementor-type=\"wp-page\" data-elementor-id=\"103\" class=\"elementor elementor-103\">\n\t\t\t\t<div class=\"elementor-element elementor-element-f231590 e-flex e-con-boxed e-con e-parent\" data-id=\"f231590\" data-element_type=\"container\" data-settings=\"{&quot;animation_mobile&quot;:&quot;slideInLeft&quot;}\">\n\t\t\t\t\t<div class=\"e-con-inner\">\n\t\t<div class=\"elementor-element elementor-element-ed6f3e0 e-con-full e-flex e-con e-child\" data-id=\"ed6f3e0\" data-element_type=\"container\">\n\t\t\t\t\t\t\t<div data-eael_duration=\"{&quot;transitionDuration&quot;:1000}\" data-eael_easing=\"{&quot;transitionEasing&quot;:&quot;ease&quot;}\" data-eael_contrast_hover_effect=\"{&quot;contrast&quot;:80}\" data-eael_hover_duration=\"{&quot;transitionDuration&quot;:1000}\" data-eael_hover_delay=\"{&quot;transitionDelay&quot;:800}\" data-eael_hover_easing=\"{&quot;transitionEasing&quot;:&quot;ease-in&quot;}\" data-eaeltilt=\"eael_tilt\" class=\"eael_hover_effect elementor-element elementor-element-bdaa024 elementor-widget__width-auto elementor-widget-tablet__width-initial elementor-invisible elementor-widget elementor-widget-image\" data-id=\"bdaa024\" data-element_type=\"widget\" data-settings=\"{&quot;_animation&quot;:&quot;fadeInLeft&quot;,&quot;eael_hover_effect_contrast_hover&quot;:{&quot;unit&quot;:&quot;%&quot;,&quot;size&quot;:80,&quot;sizes&quot;:[]},&quot;eael_hover_effect_general_settings_hover_easing&quot;:&quot;ease-in&quot;,&quot;_animation_mobile&quot;:&quot;none&quot;,&quot;eael_hover_effect_general_settings_easing&quot;:&quot;ease&quot;}\" data-widget_type=\"image.default\">\n\t\t\t\t\t\t\t\t\t\t\t\t\t\t\t\t<a href=\"https:\/\/www.olma-club.com\/index.php\/ahsena\/\">\n\t\t\t\t\t\t\t<img fetchpriority=\"high\" decoding=\"async\" width=\"795\" height=\"1024\" src=\"https:\/\/www.olma-club.com\/wp-content\/uploads\/2025\/09\/35077185-6968-452a-95de-5eba97c6fb7d-795x1024.png\" class=\"attachment-large size-large wp-image-918\" alt=\"\" srcset=\"https:\/\/www.olma-club.com\/wp-content\/uploads\/2025\/09\/35077185-6968-452a-95de-5eba97c6fb7d-795x1024.png 795w, https:\/\/www.olma-club.com\/wp-content\/uploads\/2025\/09\/35077185-6968-452a-95de-5eba97c6fb7d-233x300.png 233w, https:\/\/www.olma-club.com\/wp-content\/uploads\/2025\/09\/35077185-6968-452a-95de-5eba97c6fb7d-768x989.png 768w, https:\/\/www.olma-club.com\/wp-content\/uploads\/2025\/09\/35077185-6968-452a-95de-5eba97c6fb7d.png 1168w\" sizes=\"(max-width: 795px) 100vw, 795px\" \/>\t\t\t\t\t\t\t\t<\/a>\n\t\t\t\t\t\t\t\t\t\t\t\t\t\t\t<\/div>\n\t\t\t\t<\/div>\n\t\t<div class=\"elementor-element elementor-element-cfbd39a e-con-full e-flex e-con e-child\" data-id=\"cfbd39a\" data-element_type=\"container\">\n\t\t\t\t\t\t\t<div data-eael_offset_left=\"{&quot;size&quot;:9,&quot;unit&quot;:&quot;px&quot;}\" data-eael_duration=\"{&quot;transitionDuration&quot;:1000}\" data-eael_easing=\"{&quot;transitionEasing&quot;:&quot;ease&quot;}\" data-eael_hover_duration=\"{&quot;transitionDuration&quot;:1000}\" data-eael_hover_easing=\"{&quot;transitionEasing&quot;:&quot;ease&quot;}\" class=\"eael_hover_effect elementor-element elementor-element-ae7bf9a elementor-widget elementor-widget-heading\" data-id=\"ae7bf9a\" data-element_type=\"widget\" data-settings=\"{&quot;eael_hover_effect_offset_popover&quot;:&quot;yes&quot;,&quot;eael_hover_effect_offset_left&quot;:{&quot;unit&quot;:&quot;px&quot;,&quot;size&quot;:9,&quot;sizes&quot;:[]},&quot;eael_hover_effect_offset_top&quot;:{&quot;unit&quot;:&quot;px&quot;,&quot;size&quot;:0,&quot;sizes&quot;:[]},&quot;_animation_mobile&quot;:&quot;none&quot;,&quot;eael_hover_effect_offset_left_tablet&quot;:{&quot;unit&quot;:&quot;px&quot;,&quot;size&quot;:&quot;&quot;,&quot;sizes&quot;:[]},&quot;eael_hover_effect_offset_left_mobile&quot;:{&quot;unit&quot;:&quot;px&quot;,&quot;size&quot;:&quot;&quot;,&quot;sizes&quot;:[]},&quot;eael_hover_effect_offset_top_tablet&quot;:{&quot;unit&quot;:&quot;px&quot;,&quot;size&quot;:&quot;&quot;,&quot;sizes&quot;:[]},&quot;eael_hover_effect_offset_top_mobile&quot;:{&quot;unit&quot;:&quot;px&quot;,&quot;size&quot;:&quot;&quot;,&quot;sizes&quot;:[]},&quot;eael_hover_effect_general_settings_easing&quot;:&quot;ease&quot;,&quot;eael_hover_effect_general_settings_hover_easing&quot;:&quot;ease&quot;}\" data-widget_type=\"heading.default\">\n\t\t\t\t\t<h2 class=\"elementor-heading-title elementor-size-default\"><a href=\"https:\/\/www.olma-club.com\/index.php\/ahsena\/\">AHSENA<\/a><\/h2>\t\t\t\t<\/div>\n\t\t\t\t<\/div>\n\t\t\t\t<div class=\"elementor-element elementor-element-c0ed4f2 elementor-widget elementor-widget-text-editor\" data-id=\"c0ed4f2\" data-element_type=\"widget\" data-widget_type=\"text-editor.default\">\n\t\t\t\t\t\t\t\t\t<p>DJ aux sets dynamiques, alliant rythmique intense et \u00e9nergies puissantes.<\/p>\t\t\t\t\t\t\t\t<\/div>\n\t\t\t\t\t<\/div>\n\t\t\t\t<\/div>\n\t\t<div class=\"elementor-element elementor-element-72aadaa e-flex e-con-boxed e-con e-parent\" data-id=\"72aadaa\" data-element_type=\"container\" data-settings=\"{&quot;animation_mobile&quot;:&quot;slideInRight&quot;}\">\n\t\t\t\t\t<div class=\"e-con-inner\">\n\t\t<div class=\"elementor-element elementor-element-e3446b7 e-con-full e-flex e-con e-child\" data-id=\"e3446b7\" data-element_type=\"container\">\n\t\t\t\t\t\t\t<div data-eael_duration=\"{&quot;transitionDuration&quot;:1400}\" data-eael_delay=\"{&quot;transitionDelay&quot;:800}\" data-eael_easing=\"{&quot;transitionEasing&quot;:&quot;ease&quot;}\" data-eael_contrast_hover_effect=\"{&quot;contrast&quot;:90}\" data-eael_hover_easing=\"{&quot;transitionEasing&quot;:&quot;ease-in&quot;}\" data-eaeltilt=\"eael_tilt\" class=\"eael_hover_effect elementor-element elementor-element-74d413f animated-slow elementor-invisible elementor-widget elementor-widget-image\" data-id=\"74d413f\" data-element_type=\"widget\" data-settings=\"{&quot;_animation&quot;:&quot;fadeInRight&quot;,&quot;eael_hover_effect_contrast_hover&quot;:{&quot;unit&quot;:&quot;%&quot;,&quot;size&quot;:90,&quot;sizes&quot;:[]},&quot;eael_hover_effect_general_settings_hover_easing&quot;:&quot;ease-in&quot;,&quot;_animation_mobile&quot;:&quot;none&quot;,&quot;eael_hover_effect_general_settings_easing&quot;:&quot;ease&quot;}\" data-widget_type=\"image.default\">\n\t\t\t\t\t\t\t\t\t\t\t\t\t\t\t\t<a href=\"https:\/\/www.olma-club.com\/index.php\/messaline\/\">\n\t\t\t\t\t\t\t<img decoding=\"async\" width=\"838\" height=\"970\" src=\"https:\/\/www.olma-club.com\/wp-content\/uploads\/2025\/08\/72729fe1-8584-4a36-9317-91a031a52268.png\" class=\"attachment-large size-large wp-image-406\" alt=\"\" srcset=\"https:\/\/www.olma-club.com\/wp-content\/uploads\/2025\/08\/72729fe1-8584-4a36-9317-91a031a52268.png 838w, https:\/\/www.olma-club.com\/wp-content\/uploads\/2025\/08\/72729fe1-8584-4a36-9317-91a031a52268-259x300.png 259w, https:\/\/www.olma-club.com\/wp-content\/uploads\/2025\/08\/72729fe1-8584-4a36-9317-91a031a52268-768x889.png 768w\" sizes=\"(max-width: 838px) 100vw, 838px\" \/>\t\t\t\t\t\t\t\t<\/a>\n\t\t\t\t\t\t\t\t\t\t\t\t\t\t\t<\/div>\n\t\t\t\t<\/div>\n\t\t<div class=\"elementor-element elementor-element-3e6b5f5 e-con-full e-flex e-con e-child\" data-id=\"3e6b5f5\" data-element_type=\"container\">\n\t\t\t\t\t\t\t<div data-eael_offset_top=\"{&quot;size&quot;:5,&quot;unit&quot;:&quot;px&quot;}\" data-eael_offset_left=\"{&quot;size&quot;:5,&quot;unit&quot;:&quot;px&quot;}\" data-eael_duration=\"{&quot;transitionDuration&quot;:1000}\" data-eael_easing=\"{&quot;transitionEasing&quot;:&quot;ease&quot;}\" data-eael_opacity_hover=\"{&quot;opacity&quot;:1}\" data-eael_offset_hover_top=\"{&quot;size&quot;:6,&quot;unit&quot;:&quot;px&quot;}\" data-eael_offset_hover_left=\"{&quot;size&quot;:-7,&quot;unit&quot;:&quot;px&quot;}\" data-eael_hover_duration=\"{&quot;transitionDuration&quot;:1000}\" data-eael_hover_easing=\"{&quot;transitionEasing&quot;:&quot;ease&quot;}\" class=\"eael_hover_effect elementor-element elementor-element-75cd4fa elementor-widget elementor-widget-heading\" data-id=\"75cd4fa\" data-element_type=\"widget\" data-settings=\"{&quot;eael_hover_effect_offset_popover&quot;:&quot;yes&quot;,&quot;eael_hover_effect_opacity_popover_hover&quot;:&quot;yes&quot;,&quot;eael_hover_effect_offset_hover_popover&quot;:&quot;yes&quot;,&quot;eael_hover_effect_offset_hover_left&quot;:{&quot;unit&quot;:&quot;px&quot;,&quot;size&quot;:-7,&quot;sizes&quot;:[]},&quot;eael_hover_effect_offset_hover_top&quot;:{&quot;unit&quot;:&quot;px&quot;,&quot;size&quot;:6,&quot;sizes&quot;:[]},&quot;eael_hover_effect_transform_hover_popover&quot;:&quot;yes&quot;,&quot;_animation_mobile&quot;:&quot;none&quot;,&quot;eael_hover_effect_offset_left&quot;:{&quot;unit&quot;:&quot;px&quot;,&quot;size&quot;:5,&quot;sizes&quot;:[]},&quot;eael_hover_effect_offset_left_tablet&quot;:{&quot;unit&quot;:&quot;px&quot;,&quot;size&quot;:&quot;&quot;,&quot;sizes&quot;:[]},&quot;eael_hover_effect_offset_left_mobile&quot;:{&quot;unit&quot;:&quot;px&quot;,&quot;size&quot;:&quot;&quot;,&quot;sizes&quot;:[]},&quot;eael_hover_effect_offset_top&quot;:{&quot;unit&quot;:&quot;px&quot;,&quot;size&quot;:5,&quot;sizes&quot;:[]},&quot;eael_hover_effect_offset_top_tablet&quot;:{&quot;unit&quot;:&quot;px&quot;,&quot;size&quot;:&quot;&quot;,&quot;sizes&quot;:[]},&quot;eael_hover_effect_offset_top_mobile&quot;:{&quot;unit&quot;:&quot;px&quot;,&quot;size&quot;:&quot;&quot;,&quot;sizes&quot;:[]},&quot;eael_hover_effect_general_settings_easing&quot;:&quot;ease&quot;,&quot;eael_hover_effect_opacity_hover&quot;:{&quot;unit&quot;:&quot;px&quot;,&quot;size&quot;:1,&quot;sizes&quot;:[]},&quot;eael_hover_effect_offset_hover_left_tablet&quot;:{&quot;unit&quot;:&quot;px&quot;,&quot;size&quot;:&quot;&quot;,&quot;sizes&quot;:[]},&quot;eael_hover_effect_offset_hover_left_mobile&quot;:{&quot;unit&quot;:&quot;px&quot;,&quot;size&quot;:&quot;&quot;,&quot;sizes&quot;:[]},&quot;eael_hover_effect_offset_hover_top_tablet&quot;:{&quot;unit&quot;:&quot;px&quot;,&quot;size&quot;:&quot;&quot;,&quot;sizes&quot;:[]},&quot;eael_hover_effect_offset_hover_top_mobile&quot;:{&quot;unit&quot;:&quot;px&quot;,&quot;size&quot;:&quot;&quot;,&quot;sizes&quot;:[]},&quot;eael_hover_effect_general_settings_hover_easing&quot;:&quot;ease&quot;}\" data-widget_type=\"heading.default\">\n\t\t\t\t\t<h2 class=\"elementor-heading-title elementor-size-default\"><a href=\"https:\/\/www.olma-club.com\/index.php\/messaline\/\">MESSALINE<\/a><\/h2>\t\t\t\t<\/div>\n\t\t\t\t<div class=\"elementor-element elementor-element-e2da654 elementor-widget elementor-widget-text-editor\" data-id=\"e2da654\" data-element_type=\"widget\" data-widget_type=\"text-editor.default\">\n\t\t\t\t\t\t\t\t\t<p>Dj house au style raffin\u00e9, entre grooves hypnotique et \u00e9nergie f\u00e9d\u00e9ratrice.<\/p>\t\t\t\t\t\t\t\t<\/div>\n\t\t\t\t<div class=\"elementor-element elementor-element-00c8d79 elementor-widget-divider--separator-type-pattern elementor-widget-divider--no-spacing elementor-widget-divider--view-line elementor-widget elementor-widget-divider\" data-id=\"00c8d79\" data-element_type=\"widget\" data-widget_type=\"divider.default\">\n\t\t\t\t\t\t\t<div class=\"elementor-divider\" style=\"--divider-pattern-url: url(&quot;data:image\/svg+xml,%3Csvg xmlns=&#039;http:\/\/www.w3.org\/2000\/svg&#039; preserveAspectRatio=&#039;xMidYMid meet&#039; overflow=&#039;visible&#039; height=&#039;100%&#039; viewBox=&#039;0 0 120 26&#039; fill=&#039;black&#039; stroke=&#039;none&#039;%3E%3Cpath d=&#039;M54,1.6V26h-9V2.5L54,1.6z M69,1.6v23.3L60,26V1.6H69z M24,1.6v23.5l-9-0.6V1.6H24z M30,0l9,0.7v24.5h-9V0z M9,2.5v22H0V3.7L9,2.5z M75,1.6l9,0.9v22h-9V1.6z M99,2.7v21.7h-9V3.8L99,2.7z M114,3.8v20.7l-9-0.5V3.8L114,3.8z&#039;\/%3E%3C\/svg%3E&quot;);\">\n\t\t\t<span class=\"elementor-divider-separator\">\n\t\t\t\t\t\t<\/span>\n\t\t<\/div>\n\t\t\t\t\t\t<\/div>\n\t\t\t\t<\/div>\n\t\t\t\t\t<\/div>\n\t\t\t\t<\/div>\n\t\t<div class=\"elementor-element elementor-element-989daa0 e-flex e-con-boxed e-con e-parent\" data-id=\"989daa0\" data-element_type=\"container\" data-settings=\"{&quot;animation_mobile&quot;:&quot;fadeInLeft&quot;}\">\n\t\t\t\t\t<div class=\"e-con-inner\">\n\t\t<div class=\"elementor-element elementor-element-8af46ec e-con-full e-flex e-con e-child\" data-id=\"8af46ec\" data-element_type=\"container\">\n\t\t\t\t\t\t\t<div data-eael_offset_left=\"{&quot;size&quot;:14,&quot;unit&quot;:&quot;px&quot;}\" data-eael_duration=\"{&quot;transitionDuration&quot;:1000}\" data-eael_easing=\"{&quot;transitionEasing&quot;:&quot;ease&quot;}\" data-eael_hover_duration=\"{&quot;transitionDuration&quot;:1000}\" data-eael_hover_easing=\"{&quot;transitionEasing&quot;:&quot;ease&quot;}\" class=\"eael_hover_effect elementor-element elementor-element-cf1e92f elementor-widget elementor-widget-heading\" data-id=\"cf1e92f\" data-element_type=\"widget\" data-settings=\"{&quot;eael_hover_effect_offset_popover&quot;:&quot;yes&quot;,&quot;eael_hover_effect_offset_left&quot;:{&quot;unit&quot;:&quot;px&quot;,&quot;size&quot;:14,&quot;sizes&quot;:[]},&quot;eael_hover_effect_offset_top&quot;:{&quot;unit&quot;:&quot;px&quot;,&quot;size&quot;:0,&quot;sizes&quot;:[]},&quot;_animation_mobile&quot;:&quot;none&quot;,&quot;eael_hover_effect_offset_left_tablet&quot;:{&quot;unit&quot;:&quot;px&quot;,&quot;size&quot;:&quot;&quot;,&quot;sizes&quot;:[]},&quot;eael_hover_effect_offset_left_mobile&quot;:{&quot;unit&quot;:&quot;px&quot;,&quot;size&quot;:&quot;&quot;,&quot;sizes&quot;:[]},&quot;eael_hover_effect_offset_top_tablet&quot;:{&quot;unit&quot;:&quot;px&quot;,&quot;size&quot;:&quot;&quot;,&quot;sizes&quot;:[]},&quot;eael_hover_effect_offset_top_mobile&quot;:{&quot;unit&quot;:&quot;px&quot;,&quot;size&quot;:&quot;&quot;,&quot;sizes&quot;:[]},&quot;eael_hover_effect_general_settings_easing&quot;:&quot;ease&quot;,&quot;eael_hover_effect_general_settings_hover_easing&quot;:&quot;ease&quot;}\" data-widget_type=\"heading.default\">\n\t\t\t\t\t<h2 class=\"elementor-heading-title elementor-size-default\"><a href=\"https:\/\/www.olma-club.com\/index.php\/tess-camus\/\">TESS KAMU<\/a><\/h2>\t\t\t\t<\/div>\n\t\t\t\t<div class=\"elementor-element elementor-element-7b0efa2 elementor-widget elementor-widget-text-editor\" data-id=\"7b0efa2\" data-element_type=\"widget\" data-widget_type=\"text-editor.default\">\n\t\t\t\t\t\t\t\t\t<p>DJ \u00e0 l&#8217;univers singulier, naviguant entre beats percutants et textures envoutantes pour des sets toujours plus captivant.<\/p>\t\t\t\t\t\t\t\t<\/div>\n\t\t\t\t<\/div>\n\t\t<div class=\"elementor-element elementor-element-f56c3dc e-con-full e-flex e-con e-child\" data-id=\"f56c3dc\" data-element_type=\"container\">\n\t\t\t\t\t\t\t<div data-eael_duration=\"{&quot;transitionDuration&quot;:1000}\" data-eael_easing=\"{&quot;transitionEasing&quot;:&quot;ease-out&quot;}\" data-eael_contrast_hover_effect=\"{&quot;contrast&quot;:80}\" data-eael_hover_duration=\"{&quot;transitionDuration&quot;:1000}\" data-eael_hover_easing=\"{&quot;transitionEasing&quot;:&quot;ease-in&quot;}\" data-eaeltilt=\"eael_tilt\" class=\"eael_hover_effect elementor-element elementor-element-eba55c1 elementor-invisible elementor-widget elementor-widget-image\" data-id=\"eba55c1\" data-element_type=\"widget\" data-settings=\"{&quot;_animation&quot;:&quot;fadeInLeft&quot;,&quot;eael_hover_effect_general_settings_easing&quot;:&quot;ease-out&quot;,&quot;eael_hover_effect_contrast_hover&quot;:{&quot;unit&quot;:&quot;%&quot;,&quot;size&quot;:80,&quot;sizes&quot;:[]},&quot;eael_hover_effect_general_settings_hover_easing&quot;:&quot;ease-in&quot;,&quot;_animation_mobile&quot;:&quot;none&quot;}\" data-widget_type=\"image.default\">\n\t\t\t\t\t\t\t\t\t\t\t\t\t\t\t\t<a href=\"https:\/\/www.olma-club.com\/index.php\/tess-camus\/\">\n\t\t\t\t\t\t\t<img decoding=\"async\" width=\"795\" height=\"1024\" src=\"https:\/\/www.olma-club.com\/wp-content\/uploads\/2025\/09\/Design-sans-titre-47-795x1024.png\" class=\"attachment-large size-large wp-image-919\" alt=\"\" srcset=\"https:\/\/www.olma-club.com\/wp-content\/uploads\/2025\/09\/Design-sans-titre-47-795x1024.png 795w, https:\/\/www.olma-club.com\/wp-content\/uploads\/2025\/09\/Design-sans-titre-47-233x300.png 233w, https:\/\/www.olma-club.com\/wp-content\/uploads\/2025\/09\/Design-sans-titre-47-768x989.png 768w, https:\/\/www.olma-club.com\/wp-content\/uploads\/2025\/09\/Design-sans-titre-47.png 1168w\" sizes=\"(max-width: 795px) 100vw, 795px\" \/>\t\t\t\t\t\t\t\t<\/a>\n\t\t\t\t\t\t\t\t\t\t\t\t\t\t\t<\/div>\n\t\t\t\t<\/div>\n\t\t\t\t\t<\/div>\n\t\t\t\t<\/div>\n\t\t\t\t<\/div>\n\t\t","protected":false},"excerpt":{"rendered":"<p>AHSENA DJ aux sets dynamiques, alliant rythmique intense et \u00e9nergies puissantes. MESSALINE Dj house au style raffin\u00e9, entre grooves hypnotique [&hellip;]<\/p>\n","protected":false},"author":1,"featured_media":0,"parent":0,"menu_order":0,"comment_status":"closed","ping_status":"closed","template":"","meta":{"site-sidebar-layout":"no-sidebar","site-content-layout":"","ast-site-content-layout":"full-width-container","site-content-style":"default","site-sidebar-style":"default","ast-global-header-display":"","ast-banner-title-visibility":"","ast-main-header-display":"","ast-hfb-above-header-display":"","ast-hfb-below-header-display":"","ast-hfb-mobile-header-display":"","site-post-title":"disabled","ast-breadcrumbs-content":"","ast-featured-img":"disabled","footer-sml-layout":"","theme-transparent-header-meta":"","adv-header-id-meta":"","stick-header-meta":"","header-above-stick-meta":"","header-main-stick-meta":"","header-below-stick-meta":"","astra-migrate-meta-layouts":"default","ast-page-background-enabled":"default","ast-page-background-meta":{"desktop":{"background-color":"var(--ast-global-color-5)","background-image":"","background-repeat":"repeat","background-position":"center center","background-size":"auto","background-attachment":"scroll","background-type":"","background-media":"","overlay-type":"","overlay-color":"","overlay-opacity":"","overlay-gradient":""},"tablet":{"background-color":"","background-image":"","background-repeat":"repeat","background-position":"center center","background-size":"auto","background-attachment":"scroll","background-type":"","background-media":"","overlay-type":"","overlay-color":"","overlay-opacity":"","overlay-gradient":""},"mobile":{"background-color":"","background-image":"","background-repeat":"repeat","background-position":"center center","background-size":"auto","background-attachment":"scroll","background-type":"","background-media":"","overlay-type":"","overlay-color":"","overlay-opacity":"","overlay-gradient":""}},"ast-content-background-meta":{"desktop":{"background-color":"var(--ast-global-color-4)","background-image":"","background-repeat":"repeat","background-position":"center center","background-size":"auto","background-attachment":"scroll","background-type":"","background-media":"","overlay-type":"","overlay-color":"","overlay-opacity":"","overlay-gradient":""},"tablet":{"background-color":"var(--ast-global-color-4)","background-image":"","background-repeat":"repeat","background-position":"center center","background-size":"auto","background-attachment":"scroll","background-type":"","background-media":"","overlay-type":"","overlay-color":"","overlay-opacity":"","overlay-gradient":""},"mobile":{"background-color":"var(--ast-global-color-4)","background-image":"","background-repeat":"repeat","background-position":"center center","background-size":"auto","background-attachment":"scroll","background-type":"","background-media":"","overlay-type":"","overlay-color":"","overlay-opacity":"","overlay-gradient":""}},"footnotes":""},"class_list":["post-103","page","type-page","status-publish","hentry"],"_links":{"self":[{"href":"https:\/\/www.olma-club.com\/index.php\/wp-json\/wp\/v2\/pages\/103","targetHints":{"allow":["GET"]}}],"collection":[{"href":"https:\/\/www.olma-club.com\/index.php\/wp-json\/wp\/v2\/pages"}],"about":[{"href":"https:\/\/www.olma-club.com\/index.php\/wp-json\/wp\/v2\/types\/page"}],"author":[{"embeddable":true,"href":"https:\/\/www.olma-club.com\/index.php\/wp-json\/wp\/v2\/users\/1"}],"replies":[{"embeddable":true,"href":"https:\/\/www.olma-club.com\/index.php\/wp-json\/wp\/v2\/comments?post=103"}],"version-history":[{"count":154,"href":"https:\/\/www.olma-club.com\/index.php\/wp-json\/wp\/v2\/pages\/103\/revisions"}],"predecessor-version":[{"id":1043,"href":"https:\/\/www.olma-club.com\/index.php\/wp-json\/wp\/v2\/pages\/103\/revisions\/1043"}],"wp:attachment":[{"href":"https:\/\/www.olma-club.com\/index.php\/wp-json\/wp\/v2\/media?parent=103"}],"curies":[{"name":"wp","href":"https:\/\/api.w.org\/{rel}","templated":true}]}}